{"id":31684,"date":"2016-11-05T15:37:42","date_gmt":"2016-11-05T14:37:42","guid":{"rendered":"https:\/\/www.swisslaos.ch\/mentions-legales\/"},"modified":"2026-05-09T07:50:25","modified_gmt":"2026-05-09T05:50:25","slug":"mentions-legales","status":"publish","type":"page","link":"https:\/\/www.swisslaos.ch\/fr\/mentions-legales\/","title":{"rendered":"Mentions l\u00e9gales"},"content":{"rendered":"<div class=\"et_pb_section_0 et_pb_section et_section_regular et_block_section preset--group--divi-section--divi-background--default preset--group--divi-section--divi-layout--default preset--group--divi-section--divi-background--holx0rd--default preset--group--divi-section--divi-background--h1970n6--default preset--group--divi-section--divi-background--h1ts49l--default preset--group--divi-section--divi-background--h1xv09d--default preset--group--divi-section--divi-layout--hp3jn2g--default\">\n<div class=\"et_pb_row_0 et_pb_row et_block_row preset--group--divi-row--divi-background--default preset--group--divi-row--divi-layout--default preset--group--divi-row--divi-layout--hp3jn2g--default\">\n<div class=\"et_pb_column_0 et_pb_column et_pb_column_4_4 et-last-child et_block_column et_pb_css_mix_blend_mode_passthrough preset--group--divi-column--divi-background--default preset--module--divi-column--default\">\n<div class=\"et_pb_text_0 et_pb_text et_pb_bg_layout_light et_pb_module et_flex_module preset--group--divi-text--divi-background--default preset--module--divi-text--6j35aewdft\"><div class=\"et_pb_text_inner\"><h1>Mentions l\u00e9gales<\/h1>\n<p>Informations juridiques<\/p>\n<\/div><\/div>\n\n<div class=\"et_pb_text_1 et_pb_text et_pb_bg_layout_light et_pb_module et_flex_module preset--group--divi-text--divi-background--default preset--module--divi-text--uixxe8udcj preset--module--divi-text--default\"><div class=\"et_pb_text_inner\"><p>Swiss Laos Hospital Project<br \/>c\/o Dr. med. Marion M\u00f6nkhoff<br \/>Kinderpraxis am See<br \/>Bellerivestrasse 147<br \/>8008 Z\u00fcrich<br \/><a href=\"mailto:info@swisslaos.ch\">info@swisslaos.ch<\/a><\/p>\n<h2>Clause de non-responsabilit\u00e9<\/h2>\n<p>Le Swiss Laos Hospital Project d\u00e9cline toute responsabilit\u00e9 quant \u00e0 l'exactitude, l'actualit\u00e9 et l'exhaustivit\u00e9 des informations publi\u00e9es sur ce site web. Toute demande de dommages-int\u00e9r\u00eats pour des pr\u00e9judices mat\u00e9riels ou immat\u00e9riels r\u00e9sultant de l'utilisation de ce site web est exclue. Nous d\u00e9clinons toute responsabilit\u00e9 quant aux sites web de tiers vers lesquels nous proposons des liens sur notre site ; l'utilisation de ces liens se fait \u00e0 vos propres risques.  <\/p>\n<h2>Droits d'auteur<\/h2>\n<p>Sauf indication contraire, les droits d'auteur sur les contenus publi\u00e9s sur ce site web (textes, images, vid\u00e9os, documents PDF, etc.) appartiennent au Swiss Laos Hospital Project.<\/p>\n<\/div><\/div>\n<\/div>\n<\/div>\n<\/div>","protected":false},"excerpt":{"rendered":"","protected":false},"author":35,"featured_media":0,"parent":0,"menu_order":58,"comment_status":"closed","ping_status":"closed","template":"","meta":{"footnotes":""},"class_list":["post-31684","page","type-page","status-publish","hentry"],"_links":{"self":[{"href":"https:\/\/www.swisslaos.ch\/fr\/wp-json\/wp\/v2\/pages\/31684","targetHints":{"allow":["GET"]}}],"collection":[{"href":"https:\/\/www.swisslaos.ch\/fr\/wp-json\/wp\/v2\/pages"}],"about":[{"href":"https:\/\/www.swisslaos.ch\/fr\/wp-json\/wp\/v2\/types\/page"}],"author":[{"embeddable":true,"href":"https:\/\/www.swisslaos.ch\/fr\/wp-json\/wp\/v2\/users\/35"}],"replies":[{"embeddable":true,"href":"https:\/\/www.swisslaos.ch\/fr\/wp-json\/wp\/v2\/comments?post=31684"}],"version-history":[{"count":6,"href":"https:\/\/www.swisslaos.ch\/fr\/wp-json\/wp\/v2\/pages\/31684\/revisions"}],"predecessor-version":[{"id":31812,"href":"https:\/\/www.swisslaos.ch\/fr\/wp-json\/wp\/v2\/pages\/31684\/revisions\/31812"}],"wp:attachment":[{"href":"https:\/\/www.swisslaos.ch\/fr\/wp-json\/wp\/v2\/media?parent=31684"}],"curies":[{"name":"wp","href":"https:\/\/api.w.org\/{rel}","templated":true}]}}