{"id":31667,"date":"2017-01-01T12:53:17","date_gmt":"2017-01-01T11:53:17","guid":{"rendered":"https:\/\/www.swisslaos.ch\/contact\/missions-au-laos\/"},"modified":"2026-05-09T07:50:24","modified_gmt":"2026-05-09T05:50:24","slug":"missions-au-laos","status":"publish","type":"page","link":"https:\/\/www.swisslaos.ch\/fr\/contact\/missions-au-laos\/","title":{"rendered":"Missions au Laos"},"content":{"rendered":"<div class=\"et_pb_section_0 et_pb_section et_pb_fullwidth_section et_section_regular et_block_section preset--group--divi-section--divi-background--default preset--group--divi-section--divi-layout--default preset--group--divi-section--divi-background--holx0rd--default preset--group--divi-section--divi-background--h1970n6--default preset--group--divi-section--divi-background--h1ts49l--default preset--group--divi-section--divi-background--h1xv09d--default preset--group--divi-section--divi-layout--hp3jn2g--default\">\n<div class=\"et_pb_fullwidth_image_0 et_pb_fullwidth_image et_pb_module preset--group--divi-fullwidth-image--divi-background--default\"><img loading=\"lazy\" decoding=\"async\" src=\"https:\/\/www.swisslaos.ch\/wp-content\/uploads\/SLHP_Header_2_Knaben.jpg\" width=\"1400\" height=\"400\" srcset=\"https:\/\/www.swisslaos.ch\/wp-content\/uploads\/SLHP_Header_2_Knaben.jpg 1400w, https:\/\/www.swisslaos.ch\/wp-content\/uploads\/SLHP_Header_2_Knaben-300x86.jpg 300w, https:\/\/www.swisslaos.ch\/wp-content\/uploads\/SLHP_Header_2_Knaben-768x219.jpg 768w, https:\/\/www.swisslaos.ch\/wp-content\/uploads\/SLHP_Header_2_Knaben-1024x293.jpg 1024w, https:\/\/www.swisslaos.ch\/wp-content\/uploads\/SLHP_Header_2_Knaben-1080x309.jpg 1080w\" sizes=\"(max-width: 1400px) 100vw, 1400px\" class=\"wp-image-635\" title=\"Zwei Knaben in Laos\" alt=\"Zwei Knaben in Laos\" \/><\/div>\n<\/div>\n\n<div class=\"et_pb_section_1 et_pb_section et_section_regular et_block_section preset--group--divi-section--divi-background--default preset--group--divi-section--divi-layout--default preset--group--divi-section--divi-background--holx0rd--default preset--group--divi-section--divi-background--h1970n6--default preset--group--divi-section--divi-background--h1ts49l--default preset--group--divi-section--divi-background--h1xv09d--default preset--group--divi-section--divi-layout--hp3jn2g--default\">\n<div class=\"et_pb_row_0 et_pb_row et_block_row preset--group--divi-row--divi-background--default preset--group--divi-row--divi-layout--default preset--group--divi-row--divi-layout--hp3jn2g--default\">\n<div class=\"et_pb_column_0 et_pb_column et_pb_column_4_4 et-last-child et_block_column et_pb_css_mix_blend_mode_passthrough preset--group--divi-column--divi-background--default preset--module--divi-column--default\">\n<div class=\"et_pb_text_0 et_pb_text et_pb_bg_layout_light et_pb_module et_block_module preset--group--divi-text--divi-background--default preset--module--divi-text--6j35aewdft\"><div class=\"et_pb_text_inner\"><h1>Missions au Laos<\/h1>\n<p>Travail b\u00e9n\u00e9vole dans un h\u00f4pital laotien<\/p>\n<\/div><\/div>\n<\/div>\n<\/div>\n\n<div class=\"et_pb_row_1 et_pb_row et_block_row preset--group--divi-row--divi-background--default preset--group--divi-row--divi-layout--default preset--group--divi-row--divi-layout--hp3jn2g--default\">\n<div class=\"et_pb_column_1 et_pb_column et_pb_column_1_2 et_block_column et_pb_css_mix_blend_mode_passthrough preset--group--divi-column--divi-background--default preset--module--divi-column--default\">\n<div class=\"et_pb_image_0 et_pb_image et_pb_module et_block_module preset--group--divi-image--divi-background--default\"><span class=\"et_pb_image_wrap\"><img loading=\"lazy\" decoding=\"async\" src=\"https:\/\/www.swisslaos.ch\/wp-content\/uploads\/muang_kham_2015-37.jpg\" width=\"1200\" height=\"800\" srcset=\"https:\/\/www.swisslaos.ch\/wp-content\/uploads\/muang_kham_2015-37.jpg 1200w, https:\/\/www.swisslaos.ch\/wp-content\/uploads\/muang_kham_2015-37-300x200.jpg 300w, https:\/\/www.swisslaos.ch\/wp-content\/uploads\/muang_kham_2015-37-768x512.jpg 768w, https:\/\/www.swisslaos.ch\/wp-content\/uploads\/muang_kham_2015-37-1024x683.jpg 1024w, https:\/\/www.swisslaos.ch\/wp-content\/uploads\/muang_kham_2015-37-1080x720.jpg 1080w\" sizes=\"(max-width: 1200px) 100vw, 1200px\" class=\"wp-image-637\" title=\"B\u00e9n\u00e9voles du Swiss Laos Hospital Project \u00e0 l&#039;h\u00f4pital de Muang Kham (Laos)\" alt=\"B\u00e9n\u00e9voles du Swiss Laos Hospital Project \u00e0 l&#039;h\u00f4pital de Muang Kham (Laos)\" \/><\/span><\/div>\n<\/div>\n\n<div class=\"et_pb_column_2 et_pb_column et_pb_column_1_2 et-last-child et_block_column et_pb_css_mix_blend_mode_passthrough preset--group--divi-column--divi-background--default preset--module--divi-column--default\">\n<div class=\"et_pb_text_1 et_pb_text et_pb_bg_layout_light et_pb_module et_block_module preset--group--divi-text--divi-background--default preset--module--divi-text--default\"><div class=\"et_pb_text_inner\"><p>Nous sommes ravis de recevoir les candidatures de m\u00e9decins, sages-femmes, infirmiers, techniciens m\u00e9dicaux et autres professionnels de sant\u00e9 souhaitant effectuer des missions b\u00e9n\u00e9voles au Laos dans le cadre du Swiss Laos Hospital Project.<\/p>\n<p>Nous recherchons en particulier des b\u00e9n\u00e9voles souhaitant s'engager \u00e0 long terme dans le Swiss Laos Hospital Project, c'est-\u00e0-dire capables d'effectuer une mission de plusieurs semaines tous les un \u00e0 deux ans. L'exp\u00e9rience montre que, pour les missions uniques, le rapport effort\/b\u00e9n\u00e9fice est d\u00e9favorable, et celles-ci sont \u00e9galement moins satisfaisantes pour les b\u00e9n\u00e9voles eux-m\u00eames. De plus, la mission doit \u00eatre planifi\u00e9e suffisamment \u00e0 l'avance (au moins six mois \u00e0 l'avance).  <\/p>\n<p>En r\u00e8gle g\u00e9n\u00e9rale, notre projet ne recrute pas de b\u00e9n\u00e9voles n'ayant pas suivi de formation professionnelle compl\u00e8te dans le domaine de la sant\u00e9. Les bacheliers en m\u00e9decine ont toutefois la possibilit\u00e9 d'effectuer <a href=\"https:\/\/www.swisslaos.ch\/projekte\/praktikum-fuer-studierende\/\">un stage d'un mois \u00e0 l'h\u00f4pital Mother and Newborn de Vientiane<\/a> dans le cadre de leur ann\u00e9e d'\u00e9tudes optionnelle. <\/p>\n<\/div><\/div>\n<\/div>\n<\/div>\n<\/div>","protected":false},"excerpt":{"rendered":"","protected":false},"author":35,"featured_media":0,"parent":31639,"menu_order":0,"comment_status":"closed","ping_status":"closed","template":"","meta":{"footnotes":""},"class_list":["post-31667","page","type-page","status-publish","hentry"],"_links":{"self":[{"href":"https:\/\/www.swisslaos.ch\/fr\/wp-json\/wp\/v2\/pages\/31667","targetHints":{"allow":["GET"]}}],"collection":[{"href":"https:\/\/www.swisslaos.ch\/fr\/wp-json\/wp\/v2\/pages"}],"about":[{"href":"https:\/\/www.swisslaos.ch\/fr\/wp-json\/wp\/v2\/types\/page"}],"author":[{"embeddable":true,"href":"https:\/\/www.swisslaos.ch\/fr\/wp-json\/wp\/v2\/users\/35"}],"replies":[{"embeddable":true,"href":"https:\/\/www.swisslaos.ch\/fr\/wp-json\/wp\/v2\/comments?post=31667"}],"version-history":[{"count":1,"href":"https:\/\/www.swisslaos.ch\/fr\/wp-json\/wp\/v2\/pages\/31667\/revisions"}],"predecessor-version":[{"id":31668,"href":"https:\/\/www.swisslaos.ch\/fr\/wp-json\/wp\/v2\/pages\/31667\/revisions\/31668"}],"up":[{"embeddable":true,"href":"https:\/\/www.swisslaos.ch\/fr\/wp-json\/wp\/v2\/pages\/31639"}],"wp:attachment":[{"href":"https:\/\/www.swisslaos.ch\/fr\/wp-json\/wp\/v2\/media?parent=31667"}],"curies":[{"name":"wp","href":"https:\/\/api.w.org\/{rel}","templated":true}]}}