{"id":30827,"date":"2016-11-05T19:37:46","date_gmt":"2016-11-05T18:37:46","guid":{"rendered":"https:\/\/www.swisslaos.ch\/votre-don\/"},"modified":"2026-05-09T07:50:26","modified_gmt":"2026-05-09T05:50:26","slug":"votre-don","status":"publish","type":"page","link":"https:\/\/www.swisslaos.ch\/fr\/votre-don\/","title":{"rendered":"Votre don"},"content":{"rendered":"<div class=\"et_pb_section_0 et_pb_section et_pb_fullwidth_section et_section_regular et_block_section preset--group--divi-section--divi-background--default preset--group--divi-section--divi-layout--default preset--group--divi-section--divi-background--holx0rd--default preset--group--divi-section--divi-background--h1970n6--default preset--group--divi-section--divi-background--h1ts49l--default preset--group--divi-section--divi-background--h1xv09d--default preset--group--divi-section--divi-layout--hp3jn2g--default\">\n<div class=\"et_pb_fullwidth_image_0 et_pb_fullwidth_image et_pb_module preset--group--divi-fullwidth-image--divi-background--default\"><img loading=\"lazy\" decoding=\"async\" src=\"https:\/\/www.swisslaos.ch\/wp-content\/uploads\/IMG_4678_RGB_1400x400.jpg\" width=\"1400\" height=\"400\" srcset=\"https:\/\/www.swisslaos.ch\/wp-content\/uploads\/IMG_4678_RGB_1400x400.jpg 1400w, https:\/\/www.swisslaos.ch\/wp-content\/uploads\/IMG_4678_RGB_1400x400-300x86.jpg 300w, https:\/\/www.swisslaos.ch\/wp-content\/uploads\/IMG_4678_RGB_1400x400-768x219.jpg 768w, https:\/\/www.swisslaos.ch\/wp-content\/uploads\/IMG_4678_RGB_1400x400-1024x293.jpg 1024w, https:\/\/www.swisslaos.ch\/wp-content\/uploads\/IMG_4678_RGB_1400x400-1080x309.jpg 1080w\" sizes=\"(max-width: 1400px) 100vw, 1400px\" class=\"wp-image-510\" alt=\"M\u00e4dchen in Laos\" \/><\/div>\n<\/div>\n\n<div class=\"et_pb_section_1 et_pb_section et_section_regular et_block_section preset--group--divi-section--divi-background--default preset--group--divi-section--divi-layout--default preset--group--divi-section--divi-background--holx0rd--default preset--group--divi-section--divi-background--h1970n6--default preset--group--divi-section--divi-background--h1ts49l--default preset--group--divi-section--divi-background--h1xv09d--default preset--group--divi-section--divi-layout--hp3jn2g--default\">\n<div class=\"et_pb_row_0 et_pb_row et_block_row preset--group--divi-row--divi-background--default preset--group--divi-row--divi-layout--default preset--group--divi-row--divi-layout--hp3jn2g--default\">\n<div class=\"et_pb_column_0 et_pb_column et_pb_column_4_4 et-last-child et_flex_column et_pb_css_mix_blend_mode_passthrough preset--group--divi-column--divi-background--default preset--module--divi-column--jcjxhc87hp\">\n<div class=\"et_pb_text_0 et_pb_text et_pb_bg_layout_light et_pb_module et_block_module preset--group--divi-text--divi-background--default preset--module--divi-text--6j35aewdft\"><div class=\"et_pb_text_inner\"><h1>Votre don rend possible notre travail au Laos<\/h1>\n<p>Comment soutenir le Swiss Laos Hospital Project<\/p>\n<\/div><\/div>\n<\/div>\n<\/div>\n\n<div class=\"et_pb_row_1 et_pb_row et_block_row preset--group--divi-row--divi-background--default preset--group--divi-row--divi-layout--default preset--group--divi-row--divi-layout--hp3jn2g--default\">\n<div class=\"et_pb_column_1 et_pb_column et_pb_column_1_3 et_block_column et_pb_css_mix_blend_mode_passthrough preset--group--divi-column--divi-background--default preset--module--divi-column--default\">\n<div class=\"et_pb_text_1 et_pb_text et_pb_bg_layout_light et_pb_module et_block_module preset--group--divi-text--divi-background--default preset--module--divi-text--fyv027xwxt\"><div class=\"et_pb_text_inner\"><p>Le Swiss Laos Hospital Project est une association ind\u00e9pendante. Nos ressources proviennent exclusivement de nos membres et de nos donateurs. Nous ne recevons aucune aide financi\u00e8re de la part des pouvoirs publics ni des grandes organisations humanitaires. C'est pourquoi votre contribution est particuli\u00e8rement importante pour am\u00e9liorer les soins m\u00e9dicaux prodigu\u00e9s \u00e0 la population du Laos !   <\/p>\n<\/div><\/div>\n\n<div class=\"et_pb_image_0 et_pb_image et_pb_module et_flex_module preset--group--divi-image--divi-background--default\"><span class=\"et_pb_image_wrap\"><img decoding=\"async\" src=\"https:\/\/www.swisslaos.ch\/wp-content\/uploads\/zewo-logo-claim-2026-fr.svg\" alt=\"ZEWO \u2013 Ihre Spende in guten H\u00e4nden.\" title=\"ZEWO \u2013 Ihre Spende in guten H\u00e4nden.\" class=\"wp-image-31705\" \/><\/span><\/div>\n\n<div class=\"et_pb_text_2 et_pb_text et_pb_bg_layout_light et_pb_module et_block_module preset--group--divi-text--divi-background--default preset--module--divi-text--default\"><div class=\"et_pb_text_inner\"><p>Le Swiss Laos Hospital Project porte le label de qualit\u00e9 Zewo. Ce label garantit que votre don est utilis\u00e9 \u00e0 bon escient et qu'il contribue efficacement \u00e0 une bonne cause. <\/p>\n<\/div><\/div>\n<\/div>\n\n<div class=\"et_pb_column_2 et_pb_column et_pb_column_1_3 et_flex_column et_pb_css_mix_blend_mode_passthrough preset--group--divi-column--divi-background--default preset--module--divi-column--default\">\n<div class=\"et_pb_cta_0 et_pb_promo et_pb_bg_layout_light et_pb_module et_flex_module preset--group--divi-cta--divi-background--nested--7n3gp777a6 preset--group--divi-cta--divi-font--hm5q2bb--default preset--group--divi-cta--divi-button--hi917qs--default preset--group--divi-cta--divi-font--h1vi52x--default preset--module--divi-cta--default\"><div class=\"et_pb_promo_description\"><div class=\"et_pb_promo_content\"><p>Faites votre don en toute s\u00e9curit\u00e9 et en toute simplicit\u00e9 via TWINT ou par carte de cr\u00e9dit<\/p>\n<\/div><\/div><div class=\"et_pb_button_wrapper\"><a class=\"et_pb_button et_pb_promo_button\" href=\"https:\/\/www.swisslaos.ch\/spenden\/online-spende\/\">Don en ligne<\/a><\/div><\/div>\n\n<div class=\"et_pb_cta_1 et_pb_promo et_pb_bg_layout_light et_pb_module et_flex_module preset--group--divi-cta--divi-background--nested--7n3gp777a6 preset--group--divi-cta--divi-font--hm5q2bb--default preset--group--divi-cta--divi-button--hi917qs--default preset--group--divi-cta--divi-font--h1vi52x--default preset--module--divi-cta--default\"><div class=\"et_pb_promo_description\"><div class=\"et_pb_promo_content\"><p>Versez votre don directement sur notre compte bancaire<\/p>\n<\/div><\/div><div class=\"et_pb_button_wrapper\"><a class=\"et_pb_button et_pb_promo_button\" href=\"https:\/\/www.swisslaos.ch\/spenden\/spendenkonto\/\">Compte pour les dons<\/a><\/div><\/div>\n\n<div class=\"et_pb_cta_2 et_pb_promo et_pb_bg_layout_light et_pb_module et_flex_module preset--group--divi-cta--divi-background--nested--7n3gp777a6 preset--group--divi-cta--divi-font--hm5q2bb--default preset--group--divi-cta--divi-button--hi917qs--default preset--group--divi-cta--divi-font--h1vi52x--default preset--module--divi-cta--default\"><div class=\"et_pb_promo_description\"><div class=\"et_pb_promo_content\"><p>Ici, vous trouvez le bulletin de versement QR pour votre don au guichet postal<\/p>\n<\/div><\/div><div class=\"et_pb_button_wrapper\"><a class=\"et_pb_button et_pb_promo_button\" href=\"https:\/\/www.swisslaos.ch\/spenden\/einzahlungsscheine\/\">Bulletin de versement<\/a><\/div><\/div>\n\n<div class=\"et_pb_blurb_0 et_pb_blurb et_pb_bg_layout_light et_pb_blurb_position_top et_pb_module et_block_module preset--group--divi-blurb--divi-background--h1xc6tk--default preset--group--divi-blurb--divi-background--default preset--group--divi-blurb--divi-font--hm5q2bb--default preset--module--divi-blurb--xgr9cxutvw\"><div class=\"et_pb_blurb_content\"><div class=\"et_pb_main_blurb_image\"><span class=\"et_pb_image_wrap\"><span class=\"et-pb-icon et_animated et_animated\">\uf0eb<\/span><\/span><\/div><div class=\"et_pb_blurb_container\"><h1 class=\"et_pb_module_header\">Des frais minimes \u2013 un impact maximal<\/h1><div class=\"et_pb_blurb_description\"><p>Les dons effectu\u00e9s via TWINT ou par carte de cr\u00e9dit entra\u00eenent des frais assez \u00e9lev\u00e9s. Si vous souhaitez que votre don soit vers\u00e9 dans son int\u00e9gralit\u00e9 au Laos, nous vous recommandons <a href=\"https:\/\/www.swisslaos.ch\/fr\/votre-don\/compte-pour-les-dons\/\">le virement bancaire via e-banking<\/a>. <\/p>\n<\/div><\/div><\/div><\/div>\n<\/div>\n\n<div class=\"et_pb_column_3 et_pb_column et_pb_column_1_3 et-last-child et_block_column et_pb_css_mix_blend_mode_passthrough preset--group--divi-column--divi-background--default preset--module--divi-column--default\">\n<div class=\"et_pb_image_1 et_pb_image et_pb_module et_block_module preset--group--divi-image--divi-background--default\"><a href=\"https:\/\/www.swisslaos.ch\/wp-content\/uploads\/SLHP_Flyer_2025.pdf\" target=\"_blank\"><span class=\"et_pb_image_wrap\"><img loading=\"lazy\" decoding=\"async\" src=\"https:\/\/www.swisslaos.ch\/wp-content\/uploads\/slhp-flyer-2025-cover-w800.jpg\" width=\"800\" height=\"1135\" srcset=\"https:\/\/www.swisslaos.ch\/wp-content\/uploads\/slhp-flyer-2025-cover-w800.jpg 800w, https:\/\/www.swisslaos.ch\/wp-content\/uploads\/slhp-flyer-2025-cover-w800-480x681.jpg 480w\" sizes=\"(min-width: 0px) and (max-width: 480px) 480px, (min-width: 481px) 800px, 100vw\" class=\"wp-image-30341\" title=\"D\u00e9pliant de collecte de dons 2025\" alt=\"D\u00e9pliant de collecte de dons 2025\" \/><\/span><\/a><\/div>\n\n<div class=\"et_pb_text_3 et_pb_text et_pb_bg_layout_light et_pb_module et_block_module preset--group--divi-text--divi-background--default preset--module--divi-text--default\"><div class=\"et_pb_text_inner\"><p><a href=\"https:\/\/www.swisslaos.ch\/wp-content\/uploads\/SLHP_Flyer_2025.pdf\" target=\"_blank\" rel=\"noopener\">T\u00e9l\u00e9charger le d\u00e9pliant de collecte de dons (PDF)<\/a><\/p>\n<\/div><\/div>\n<\/div>\n<\/div>\n<\/div>","protected":false},"excerpt":{"rendered":"","protected":false},"author":35,"featured_media":0,"parent":0,"menu_order":36,"comment_status":"closed","ping_status":"closed","template":"","meta":{"footnotes":""},"class_list":["post-30827","page","type-page","status-publish","hentry"],"_links":{"self":[{"href":"https:\/\/www.swisslaos.ch\/fr\/wp-json\/wp\/v2\/pages\/30827","targetHints":{"allow":["GET"]}}],"collection":[{"href":"https:\/\/www.swisslaos.ch\/fr\/wp-json\/wp\/v2\/pages"}],"about":[{"href":"https:\/\/www.swisslaos.ch\/fr\/wp-json\/wp\/v2\/types\/page"}],"author":[{"embeddable":true,"href":"https:\/\/www.swisslaos.ch\/fr\/wp-json\/wp\/v2\/users\/35"}],"replies":[{"embeddable":true,"href":"https:\/\/www.swisslaos.ch\/fr\/wp-json\/wp\/v2\/comments?post=30827"}],"version-history":[{"count":11,"href":"https:\/\/www.swisslaos.ch\/fr\/wp-json\/wp\/v2\/pages\/30827\/revisions"}],"predecessor-version":[{"id":31816,"href":"https:\/\/www.swisslaos.ch\/fr\/wp-json\/wp\/v2\/pages\/30827\/revisions\/31816"}],"wp:attachment":[{"href":"https:\/\/www.swisslaos.ch\/fr\/wp-json\/wp\/v2\/media?parent=30827"}],"curies":[{"name":"wp","href":"https:\/\/api.w.org\/{rel}","templated":true}]}}