{"id":30809,"date":"2016-12-12T14:16:46","date_gmt":"2016-12-12T13:16:46","guid":{"rendered":"https:\/\/www.swisslaos.ch\/bulletins-de-versement\/"},"modified":"2026-05-09T08:09:16","modified_gmt":"2026-05-09T06:09:16","slug":"bulletins-de-versement","status":"publish","type":"page","link":"https:\/\/www.swisslaos.ch\/fr\/votre-don\/bulletins-de-versement\/","title":{"rendered":"Bulletins de versement"},"content":{"rendered":"<div class=\"et_pb_section_0 et_pb_section et_pb_fullwidth_section et_section_regular et_block_section preset--group--divi-section--divi-background--default preset--group--divi-section--divi-layout--default preset--group--divi-section--divi-background--holx0rd--default preset--group--divi-section--divi-background--h1970n6--default preset--group--divi-section--divi-background--h1ts49l--default preset--group--divi-section--divi-background--h1xv09d--default preset--group--divi-section--divi-layout--hp3jn2g--default\">\n<div class=\"et_pb_fullwidth_image_0 et_pb_fullwidth_image et_pb_module preset--group--divi-fullwidth-image--divi-background--default\"><img loading=\"lazy\" decoding=\"async\" src=\"https:\/\/www.swisslaos.ch\/wp-content\/uploads\/SLHP_Header_DSC_0228.jpg\" width=\"1400\" height=\"400\" srcset=\"https:\/\/www.swisslaos.ch\/wp-content\/uploads\/SLHP_Header_DSC_0228.jpg 1400w, https:\/\/www.swisslaos.ch\/wp-content\/uploads\/SLHP_Header_DSC_0228-300x86.jpg 300w, https:\/\/www.swisslaos.ch\/wp-content\/uploads\/SLHP_Header_DSC_0228-768x219.jpg 768w, https:\/\/www.swisslaos.ch\/wp-content\/uploads\/SLHP_Header_DSC_0228-1024x293.jpg 1024w, https:\/\/www.swisslaos.ch\/wp-content\/uploads\/SLHP_Header_DSC_0228-600x171.jpg 600w, https:\/\/www.swisslaos.ch\/wp-content\/uploads\/SLHP_Header_DSC_0228-60x17.jpg 60w, https:\/\/www.swisslaos.ch\/wp-content\/uploads\/SLHP_Header_DSC_0228-1080x309.jpg 1080w\" sizes=\"(max-width: 1400px) 100vw, 1400px\" class=\"wp-image-848\" alt=\"M\u00e4dchen in Laos\" \/><\/div>\n<\/div>\n\n<div class=\"et_pb_section_1 et_pb_section et_section_regular et_block_section preset--group--divi-section--divi-background--default preset--group--divi-section--divi-layout--default preset--group--divi-section--divi-background--holx0rd--default preset--group--divi-section--divi-background--h1970n6--default preset--group--divi-section--divi-background--h1ts49l--default preset--group--divi-section--divi-background--h1xv09d--default preset--group--divi-section--divi-layout--hp3jn2g--default\">\n<div class=\"et_pb_row_0 et_pb_row et_block_row preset--group--divi-row--divi-background--default preset--group--divi-row--divi-layout--default preset--group--divi-row--divi-layout--hp3jn2g--default\">\n<div class=\"et_pb_column_0 et_pb_column et_pb_column_4_4 et-last-child et_flex_column et_pb_css_mix_blend_mode_passthrough preset--group--divi-column--divi-background--default preset--module--divi-column--jcjxhc87hp\">\n<div class=\"et_pb_text_0 et_pb_text et_pb_bg_layout_light et_pb_module et_block_module preset--group--divi-text--divi-background--default preset--module--divi-text--6j35aewdft\"><div class=\"et_pb_text_inner\"><h1>Bulletins de versement<\/h1>\n<p>Pour votre don au guichet postal ou par virement bancaire<\/p>\n<\/div><\/div>\n<\/div>\n<\/div>\n\n<div class=\"et_pb_row_1 et_pb_row et_block_row preset--group--divi-row--divi-background--default preset--group--divi-row--divi-layout--default preset--group--divi-row--divi-layout--hp3jn2g--default\">\n<div class=\"et_pb_column_1 et_pb_column et_pb_column_1_2 et_block_column et_pb_css_mix_blend_mode_passthrough preset--group--divi-column--divi-background--default preset--module--divi-column--default\">\n<div class=\"et_pb_text_1 et_pb_text et_pb_bg_layout_light et_pb_module et_block_module preset--group--divi-text--divi-background--default preset--module--divi-text--default\"><div class=\"et_pb_text_inner\"><h2>Bulletin de versement QR<\/h2>\n<p><a href=\"https:\/\/www.swisslaos.ch\/wp-content\/uploads\/SLHP_QR-Einzahlungsschein_fuer_Spenden.pdf\" target=\"_blank\" rel=\"noopener\"><img loading=\"lazy\" decoding=\"async\" src=\"https:\/\/www.swisslaos.ch\/wp-content\/uploads\/slhp-qr-einzahlungsschein-2025-12-03-w800.png\" style=\"border: 1px black solid;\" width=\"800\" height=\"396\" alt=\"Bulletin de versement QR pour les dons\" class=\"wp-image-15567 alignnone size-full\" srcset=\"https:\/\/www.swisslaos.ch\/wp-content\/uploads\/slhp-qr-einzahlungsschein-2025-12-03-w800.png 800w, https:\/\/www.swisslaos.ch\/wp-content\/uploads\/slhp-qr-einzahlungsschein-2025-12-03-w800-480x238.png 480w\" sizes=\"(min-width: 0px) and (max-width: 480px) 480px, (min-width: 481px) 800px, 100vw\" \/><\/a><\/p>\n<\/div><\/div>\n\n<div class=\"et_pb_module et_pb_button_module_wrapper et_pb_button_0_wrapper preset--group--divi-button--divi-background--huc1g1c--default_wrapper preset--group--divi-button--divi-button--hi917qs--default_wrapper preset--group--divi-button--divi-font--h1vi52x--default_wrapper preset--module--divi-button--default_wrapper\"><a class=\"et_pb_button_0 et_pb_button et_pb_bg_layout_light et_pb_module et_block_module preset--group--divi-button--divi-background--huc1g1c--default preset--group--divi-button--divi-button--hi917qs--default preset--group--divi-button--divi-font--h1vi52x--default preset--module--divi-button--default\" href=\"https:\/\/www.swisslaos.ch\/wp-content\/uploads\/SLHP_QR-Einzahlungsschein_fuer_Spenden.pdf\" target=\"_blank\">T\u00e9l\u00e9charger le bulletin de versement QR<\/a><\/div>\n<\/div>\n\n<div class=\"et_pb_column_2 et_pb_column et_pb_column_1_2 et-last-child et_block_column et_pb_css_mix_blend_mode_passthrough preset--group--divi-column--divi-background--default preset--module--divi-column--default\">\n<div class=\"et_pb_image_0 et_pb_image et_pb_module et_flex_module preset--group--divi-image--divi-background--default\"><span class=\"et_pb_image_wrap\"><img decoding=\"async\" src=\"https:\/\/www.swisslaos.ch\/wp-content\/uploads\/zewo-logo-claim-2026-fr.svg\" alt=\"ZEWO \u2013 Votre don en bonnes mains.\" title=\"ZEWO \u2013 Votre don en bonnes mains.\" class=\"wp-image-31705\" \/><\/span><\/div>\n\n<div class=\"et_pb_text_2 et_pb_text et_pb_bg_layout_light et_pb_module et_block_module preset--group--divi-text--divi-background--default preset--module--divi-text--default\"><div class=\"et_pb_text_inner\"><h2>Comment nous utilisons votre don<\/h2>\n<p>Le Swiss Laos Hospital Project repose sur le b\u00e9n\u00e9volat. Les professionnels qui interviennent au Laos ne re\u00e7oivent qu'une participation aux frais de d\u00e9placement. Les collaborateurs en Suisse travaillent eux aussi \u00e0 titre b\u00e9n\u00e9vole. Ainsi, votre don est presque int\u00e9gralement revers\u00e9 aux projets et aux populations du Laos.   <\/p>\n<p>Par votre contribution, vous financez par exemple :<\/p>\n<ul>\n<li>Bourses pour la formation continue en m\u00e9decine<\/li>\n<li>Traitements et m\u00e9dicaments (si les patients ne peuvent pas les financer eux-m\u00eames)<\/li>\n<li>Achat ou r\u00e9paration d'appareils m\u00e9dicaux<\/li>\n<li>consommables sp\u00e9cifiques (par exemple, pour les appareils de laboratoire m\u00e9dical)<\/li>\n<li>travaux de construction<\/li>\n<\/ul>\n<p>Tous les fonds sont directement investis par les collaborateurs du projet sur place, afin d'\u00e9viter la bureaucratie et la corruption.<\/p>\n<h2>D\u00e9duction fiscale<\/h2>\n<p>Les dons vers\u00e9s au Swiss Laos Hospital Project sont d\u00e9ductibles des imp\u00f4ts.<\/p>\n<\/div><\/div>\n<\/div>\n<\/div>\n<\/div>","protected":false},"excerpt":{"rendered":"","protected":false},"author":35,"featured_media":0,"parent":30827,"menu_order":30,"comment_status":"closed","ping_status":"closed","template":"","meta":{"footnotes":""},"class_list":["post-30809","page","type-page","status-publish","hentry"],"_links":{"self":[{"href":"https:\/\/www.swisslaos.ch\/fr\/wp-json\/wp\/v2\/pages\/30809","targetHints":{"allow":["GET"]}}],"collection":[{"href":"https:\/\/www.swisslaos.ch\/fr\/wp-json\/wp\/v2\/pages"}],"about":[{"href":"https:\/\/www.swisslaos.ch\/fr\/wp-json\/wp\/v2\/types\/page"}],"author":[{"embeddable":true,"href":"https:\/\/www.swisslaos.ch\/fr\/wp-json\/wp\/v2\/users\/35"}],"replies":[{"embeddable":true,"href":"https:\/\/www.swisslaos.ch\/fr\/wp-json\/wp\/v2\/comments?post=30809"}],"version-history":[{"count":4,"href":"https:\/\/www.swisslaos.ch\/fr\/wp-json\/wp\/v2\/pages\/30809\/revisions"}],"predecessor-version":[{"id":31836,"href":"https:\/\/www.swisslaos.ch\/fr\/wp-json\/wp\/v2\/pages\/30809\/revisions\/31836"}],"up":[{"embeddable":true,"href":"https:\/\/www.swisslaos.ch\/fr\/wp-json\/wp\/v2\/pages\/30827"}],"wp:attachment":[{"href":"https:\/\/www.swisslaos.ch\/fr\/wp-json\/wp\/v2\/media?parent=30809"}],"curies":[{"name":"wp","href":"https:\/\/api.w.org\/{rel}","templated":true}]}}