{"id":30683,"date":"2020-05-30T09:05:58","date_gmt":"2020-05-30T07:05:58","guid":{"rendered":"https:\/\/www.swisslaos.ch\/gestion-hospitaliere\/"},"modified":"2026-05-10T11:23:34","modified_gmt":"2026-05-10T09:23:34","slug":"gestion-hospitaliere","status":"publish","type":"page","link":"https:\/\/www.swisslaos.ch\/fr\/projets\/gestion-hospitaliere\/","title":{"rendered":"Gestion hospitali\u00e8re"},"content":{"rendered":"<div class=\"et_pb_section_0 et_pb_section et_pb_fullwidth_section et_section_regular et_block_section preset--group--divi-section--divi-background--default preset--group--divi-section--divi-layout--default preset--group--divi-section--divi-background--holx0rd--default preset--group--divi-section--divi-background--h1970n6--default preset--group--divi-section--divi-background--h1ts49l--default preset--group--divi-section--divi-background--h1xv09d--default preset--group--divi-section--divi-layout--hp3jn2g--default\">\n<div class=\"et_pb_fullwidth_image_0 et_pb_fullwidth_image et_pb_module preset--group--divi-fullwidth-image--divi-background--default\"><img loading=\"lazy\" decoding=\"async\" src=\"https:\/\/www.swisslaos.ch\/wp-content\/uploads\/hospital-management-hero-1400x400-1.jpg\" width=\"1400\" height=\"400\" srcset=\"https:\/\/www.swisslaos.ch\/wp-content\/uploads\/hospital-management-hero-1400x400-1.jpg 1400w, https:\/\/www.swisslaos.ch\/wp-content\/uploads\/hospital-management-hero-1400x400-1-1280x366.jpg 1280w, https:\/\/www.swisslaos.ch\/wp-content\/uploads\/hospital-management-hero-1400x400-1-980x280.jpg 980w, https:\/\/www.swisslaos.ch\/wp-content\/uploads\/hospital-management-hero-1400x400-1-480x137.jpg 480w\" sizes=\"(min-width: 0px) and (max-width: 480px) 480px, (min-width: 481px) and (max-width: 980px) 980px, (min-width: 981px) and (max-width: 1280px) 1280px, (min-width: 1281px) 1400px, 100vw\" class=\"wp-image-6044\" title=\"Pr\u00e4sentation von Alphons Schnyder in einem Spitalmanagement-Workshop in Laos\" alt=\"Pr\u00e4sentation von Alphons Schnyder in einem Spitalmanagement-Workshop in Laos\" \/><\/div>\n<\/div>\n\n<div class=\"et_pb_section_1 et_pb_section et_section_regular et_block_section preset--group--divi-section--divi-background--default preset--group--divi-section--divi-layout--default preset--group--divi-section--divi-background--holx0rd--default preset--group--divi-section--divi-background--h1970n6--default preset--group--divi-section--divi-background--h1ts49l--default preset--group--divi-section--divi-background--h1xv09d--default preset--group--divi-section--divi-layout--hp3jn2g--default\">\n<div class=\"et_pb_row_0 et_pb_row et_block_row preset--group--divi-row--divi-background--default preset--group--divi-row--divi-layout--default preset--group--divi-row--divi-layout--hp3jn2g--default\">\n<div class=\"et_pb_column_0 et_pb_column et_pb_column_4_4 et-last-child et_block_column et_pb_css_mix_blend_mode_passthrough preset--group--divi-column--divi-background--default preset--module--divi-column--default\">\n<div class=\"et_pb_text_0 et_pb_text et_pb_bg_layout_light et_pb_module et_block_module preset--group--divi-text--divi-background--default preset--module--divi-text--6j35aewdft\"><div class=\"et_pb_text_inner\"><h1>Groupe gestion hospitali\u00e8re<\/h1>\n<p>Utilisation optimale des ressources au service des patients<\/p>\n<\/div><\/div>\n<\/div>\n<\/div>\n<\/div>\n\n<div class=\"et_pb_section_2 et_pb_section et_section_regular et_block_section preset--group--divi-section--divi-background--default preset--group--divi-section--divi-layout--default preset--group--divi-section--divi-background--holx0rd--default preset--group--divi-section--divi-background--h1970n6--default preset--group--divi-section--divi-background--h1ts49l--default preset--group--divi-section--divi-background--h1xv09d--default preset--group--divi-section--divi-layout--hp3jn2g--default\">\n<div class=\"et_pb_row_1 et_pb_row et_block_row preset--group--divi-row--divi-background--default preset--group--divi-row--divi-layout--default preset--group--divi-row--divi-layout--hp3jn2g--default\">\n<div class=\"et_pb_column_1 et_pb_column et_pb_column_3_5 et_block_column et_pb_css_mix_blend_mode_passthrough preset--group--divi-column--divi-background--default preset--module--divi-column--default\">\n<div class=\"et_pb_image_0 et_pb_image et_pb_module et_block_module preset--group--divi-image--divi-background--default\"><span class=\"et_pb_image_wrap\"><img loading=\"lazy\" decoding=\"async\" src=\"https:\/\/www.swisslaos.ch\/wp-content\/uploads\/slhp-2022-10-03.jpg\" width=\"1200\" height=\"900\" srcset=\"https:\/\/www.swisslaos.ch\/wp-content\/uploads\/slhp-2022-10-03.jpg 1200w, https:\/\/www.swisslaos.ch\/wp-content\/uploads\/slhp-2022-10-03-980x735.jpg 980w, https:\/\/www.swisslaos.ch\/wp-content\/uploads\/slhp-2022-10-03-480x360.jpg 480w\" sizes=\"(min-width: 0px) and (max-width: 480px) 480px, (min-width: 481px) and (max-width: 980px) 980px, (min-width: 981px) 1200px, 100vw\" class=\"wp-image-4854\" title=\"Photo de groupe\" alt=\"Photo de groupe\" \/><\/span><\/div>\n\n<div class=\"et_pb_text_1 et_pb_text et_pb_bg_layout_light et_pb_module et_block_module preset--group--divi-text--divi-background--default preset--module--divi-text--default\"><div class=\"et_pb_text_inner\"><h2>Renforcer la gestion hospitali\u00e8re au Laos<\/h2>\n<p>La formation continue du personnel m\u00e9dical est une priorit\u00e9 essentielle du Swiss Laos Hospital Project. Cependant, m\u00eame des m\u00e9decins et des soignants bien form\u00e9s ne peuvent remplir leur mission de mani\u00e8re optimale que s&rsquo;ils travaillent au sein d&rsquo;une organisation qui fonctionne bien. <\/p>\n<p>Sous la direction du Dr Alphons Schnyder, le Swiss Laos Hospital Project \u00e9labore donc \u00e9galement des programmes visant \u00e0 renforcer la gestion des h\u00f4pitaux laotiens. Nous souhaitons ainsi contribuer \u00e0 am\u00e9liorer la prise en charge des patients et \u00e0 optimiser l&rsquo;utilisation des ressources. <\/p>\n<p>Concr\u00e8tement, nos sp\u00e9cialistes conseillent le minist\u00e8re laotien de la sant\u00e9 sur les questions de gestion hospitali\u00e8re et ont accompagn\u00e9 des projets pilotes dans ce domaine au sein des h\u00f4pitaux. De plus, nous organisons r\u00e9guli\u00e8rement des formations d&rsquo;une semaine \u00e0 l&rsquo;intention des cadres hospitaliers, au cours desquelles nous leur transmettons les connaissances et les comp\u00e9tences de base en mati\u00e8re de gestion et d&rsquo;organisation des h\u00f4pitaux. <\/p>\n<\/div><\/div>\n\n<div class=\"et_pb_text_2 et_pb_text et_pb_bg_layout_light et_pb_module et_block_module preset--group--divi-text--divi-background--default preset--module--divi-text--default\"><div class=\"et_pb_text_inner\"><h2>Activit\u00e9s 2025<\/h2>\n<p>Depuis cinq ans, le groupe de travail sur la gestion hospitali\u00e8re accompagne le minist\u00e8re laotien de la sant\u00e9 dans le processus d&rsquo;autonomie hospitali\u00e8re. Ce processus permet aux h\u00f4pitaux pilotes de prendre de mani\u00e8re autonome des d\u00e9cisions concernant l&rsquo;utilisation des ressources et l&rsquo;organisation hospitali\u00e8re, afin d&rsquo;am\u00e9liorer la qualit\u00e9 des soins prodigu\u00e9s aux patients. <\/p>\n<p>En f\u00e9vrier 2025 s&rsquo;est tenue la r\u00e9union de lancement avec le ministre de la sant\u00e9, S.E. le Dr Bounfeng Phoummalaysith, en vue de la mise en place de l&rsquo;autonomie hospitali\u00e8re au niveau des h\u00f4pitaux provinciaux. Y ont particip\u00e9 les directeurs des dix h\u00f4pitaux provinciaux qui s&rsquo;appr\u00eatent \u00e0 franchir les premi\u00e8res \u00e9tapes vers l&rsquo;autonomie, ainsi que les directeurs des cinq h\u00f4pitaux centraux qui ont men\u00e9 \u00e0 bien des projets pilotes au cours des trois derni\u00e8res ann\u00e9es. <\/p>\n<\/div><\/div>\n\n<div class=\"et_pb_text_3 et_pb_text et_pb_bg_layout_light et_pb_module et_block_module preset--group--divi-text--divi-background--default preset--module--divi-text--default\"><div class=\"et_pb_text_inner\"><h2>Activit\u00e9s 2024<\/h2>\n<p>\u00c0 la demande du ministre laotien de la sant\u00e9, S.E. le Dr Bounfeng Phoummalaysith, la formation en gestion et en leadership s&rsquo;est poursuivie avec les cadres des h\u00f4pitaux centraux. Une semaine de formation a \u00e9t\u00e9 organis\u00e9e \u00e0 l&rsquo;h\u00f4pital Mahosot et \u00e0 l&rsquo;h\u00f4pital Mittaphab, chacune r\u00e9unissant 30 participants, afin de les initier \u00e0 la gestion hospitali\u00e8re et de leur transmettre les principes fondamentaux du leadership. <\/p>\n<p>\u00c0 cette fin, il a particip\u00e9 \u00e0 la conception du projet d&rsquo;autonomie hospitali\u00e8re et au lancement de la phase de d\u00e9ploiement. L&rsquo;objectif est de permettre \u00e0 certains h\u00f4pitaux de prendre davantage de responsabilit\u00e9s. <\/p>\n<p>Le processus d&rsquo;autonomisation a \u00e9t\u00e9 \u00e9tendu aux h\u00f4pitaux provinciaux de Champasak, Luang Prabang, Oudomxay, Savannakhet, Xiengkhuang, Vientiane, Khammouan, Borikhamxay, Xayaboury et Bokeo.<\/p>\n<p>Une r\u00e9union de lancement a eu lieu au minist\u00e8re de la sant\u00e9 \u00e0 Vientiane avec les directeurs des dix h\u00f4pitaux provinciaux. Quatre mois plus tard, des ateliers de trois jours ont \u00e9t\u00e9 organis\u00e9s \u00e0 Luang Prabang, Vientiane et Savannakhet afin de pr\u00e9senter l\u2019autonomie hospitali\u00e8re et de fournir des outils pratiques pour sa mise en \u0153uvre. Les directeurs, les responsables des soins infirmiers, les directeurs financiers et les responsables des ressources humaines des dix h\u00f4pitaux provinciaux y ont particip\u00e9.  <\/p>\n<p>Les h\u00f4pitaux centraux de Mahosot, Mittaphab et Settharthirath avaient d\u00e9j\u00e0 lanc\u00e9 un projet pilote sur l&rsquo;autonomie hospitali\u00e8re en 2023. Le Mother and Newborn Hospital et le Children Hospital les ont rejoints en 2024. Alphons Schnyder a organis\u00e9 des r\u00e9unions avec les directions des cinq h\u00f4pitaux centraux afin de suivre le processus de mise en \u0153uvre et de planifier les mesures pour 2025.  <\/p>\n<\/div><\/div>\n\n<div class=\"et_pb_text_4 et_pb_text et_pb_bg_layout_light et_pb_module et_block_module preset--group--divi-text--divi-background--default preset--module--divi-text--default\"><div class=\"et_pb_text_inner\"><h2>Activit\u00e9s 2023<\/h2>\n<p>180 cadres des cinq h\u00f4pitaux centraux laotiens ont suivi une formation en gestion hospitali\u00e8re et en leadership. De plus, le SLHP a contribu\u00e9, \u00e0 la demande du ministre laotien de la sant\u00e9, \u00e0 l&rsquo;\u00e9laboration d&rsquo;un projet visant \u00e0 accorder une plus grande autonomie aux h\u00f4pitaux. Les trois h\u00f4pitaux centraux s\u00e9lectionn\u00e9s pour le projet pilote (Mahosot, Mittaphab et Setthathirath) ont \u00e9t\u00e9 accompagn\u00e9s dans la mise en \u0153uvre des mesures d&rsquo;autonomisation. \u00c0 cette fin, des ateliers ont \u00e9t\u00e9 organis\u00e9s avec les directions des trois h\u00f4pitaux. De plus, des formations d&rsquo;initiation \u00e0 l&rsquo;autonomie hospitali\u00e8re ont \u00e9t\u00e9 dispens\u00e9es au Children Hospital et au Mother and Newborn Hospital.    <\/p>\n<p>Une d\u00e9l\u00e9gation de huit responsables laotiens du secteur de la sant\u00e9 a visit\u00e9, \u00e0 la Pentec\u00f4te 2023, lors de son retour d&rsquo;un congr\u00e8s \u00e0 Gen\u00e8ve, l&rsquo;h\u00f4pital cantonal \u00e0 Winterthur (KSW), l&rsquo;h\u00f4pital cantonal \u00e0 Schaffhouse, l&rsquo;h\u00f4pital universitaire \u00e0 Zurich (USZ) et la clinique priv\u00e9e Hohenegg.<\/p>\n<\/div><\/div>\n\n<div class=\"et_pb_text_5 et_pb_text et_pb_bg_layout_light et_pb_module et_block_module preset--group--divi-text--divi-background--default preset--module--divi-text--default\"><div class=\"et_pb_text_inner\"><h2>Activit\u00e9s 2022<\/h2>\n<p>Une visioconf\u00e9rence sur le th\u00e8me de la \u00ab bonne gouvernance \u00bb a \u00e9t\u00e9 organis\u00e9e en coordination avec le ministre laotien de la sant\u00e9, S.E. le Dr Bounfeng Phoummalaysith. Y ont particip\u00e9 les directeurs des h\u00f4pitaux Mother and Newborn Hospital, Mittaphab Hospital, Mahosot Hospital et Children\u2019s Hospital. <\/p>\n<p>Une r\u00e9union de lancement du projet \u00abHospital Autonomy\u00bb s&rsquo;est tenue \u00e0 Vientiane en pr\u00e9sence du ministre laotien de la sant\u00e9, S.E. le Dr Bounfeng.<\/p>\n<p>Par ailleurs, une formation en gestion a \u00e9t\u00e9 organis\u00e9e \u00e0 l&rsquo;intention des directeurs d&rsquo;h\u00f4pitaux ainsi que des responsables des finances et des ressources humaines de cinq h\u00f4pitaux centraux et de quelques h\u00f4pitaux provinciaux. Cette formation avait pour th\u00e8me principal le renforcement de l&rsquo;autonomie de gestion et pr\u00e9voyait l&rsquo;\u00e9laboration d&rsquo;un plan d&rsquo;action \u00e0 l&rsquo;intention du minist\u00e8re de la sant\u00e9 (MOH) ainsi qu&rsquo;une r\u00e9union de suivi en janvier 2023. <\/p>\n<p>Le ministre de la sant\u00e9, le Dr Bounfeng Phoummalaysith, a fait escale \u00e0 Zurich lors d&rsquo;un vol \u00e0 destination de Gen\u00e8ve et a rencontr\u00e9 plusieurs repr\u00e9sentants de la SLHP.<\/p>\n<ul><\/ul>\n<\/div><\/div>\n<\/div>\n\n<div class=\"et_pb_column_2 et_pb_column et_pb_column_2_5 et-last-child et_block_column et_pb_css_mix_blend_mode_passthrough preset--group--divi-column--divi-background--default preset--module--divi-column--default\">\n<div class=\"et_pb_image_1 et_pb_image et_pb_module et_block_module preset--group--divi-image--divi-background--default\"><span class=\"et_pb_image_wrap\"><img loading=\"lazy\" decoding=\"async\" src=\"https:\/\/www.swisslaos.ch\/wp-content\/uploads\/spitalautonomie-2025-02-10-1200x900-1.jpg\" width=\"1200\" height=\"900\" srcset=\"https:\/\/www.swisslaos.ch\/wp-content\/uploads\/spitalautonomie-2025-02-10-1200x900-1.jpg 1200w, https:\/\/www.swisslaos.ch\/wp-content\/uploads\/spitalautonomie-2025-02-10-1200x900-1-980x735.jpg 980w, https:\/\/www.swisslaos.ch\/wp-content\/uploads\/spitalautonomie-2025-02-10-1200x900-1-480x360.jpg 480w\" sizes=\"(min-width: 0px) and (max-width: 480px) 480px, (min-width: 481px) and (max-width: 980px) 980px, (min-width: 981px) 1200px, 100vw\" class=\"wp-image-6048\" title=\"Participants d&#039;un atelier sur l&#039;autonomie hospitali\u00e8re au Laos\" alt=\"Participants d&#039;un atelier sur l&#039;autonomie hospitali\u00e8re au Laos\" \/><\/span><\/div>\n\n<div class=\"et_pb_text_6 et_pb_text et_pb_bg_layout_light et_pb_module et_flex_module preset--group--divi-text--divi-background--default preset--module--divi-text--3p9qonrnwq\"><div class=\"et_pb_text_inner\"><p>R\u00e9union sur l&rsquo;autonomie hospitali\u00e8re du 10 f\u00e9vrier 2025 avec le ministre de la sant\u00e9, le Dr Bounfeng, le Dr Khamsay (directeur du d\u00e9partement des soins de sant\u00e9 au minist\u00e8re de la sant\u00e9), les directeurs des cinq h\u00f4pitaux centraux, les directeurs de dix h\u00f4pitaux provinciaux ainsi que le Dr Alphons Schnyder.<\/p>\n<\/div><\/div>\n\n<div class=\"et_pb_image_2 et_pb_image et_pb_module et_block_module preset--group--divi-image--divi-background--default\"><span class=\"et_pb_image_wrap\"><img loading=\"lazy\" decoding=\"async\" src=\"https:\/\/www.swisslaos.ch\/wp-content\/uploads\/slhp-2022-10-12.jpg\" width=\"1200\" height=\"900\" srcset=\"https:\/\/www.swisslaos.ch\/wp-content\/uploads\/slhp-2022-10-12.jpg 1200w, https:\/\/www.swisslaos.ch\/wp-content\/uploads\/slhp-2022-10-12-980x735.jpg 980w, https:\/\/www.swisslaos.ch\/wp-content\/uploads\/slhp-2022-10-12-480x360.jpg 480w\" sizes=\"(min-width: 0px) and (max-width: 480px) 480px, (min-width: 481px) and (max-width: 980px) 980px, (min-width: 981px) 1200px, 100vw\" class=\"wp-image-4856\" title=\"Photo de groupe\" alt=\"Photo de groupe\" \/><\/span><\/div>\n\n<div class=\"et_pb_text_7 et_pb_text et_pb_bg_layout_light et_pb_module et_flex_module preset--group--divi-text--divi-background--default preset--module--divi-text--3p9qonrnwq\"><div class=\"et_pb_text_inner\"><p>Assis, de gauche \u00e0 droite : le Dr Sivansey, directeur g\u00e9n\u00e9ral Mother and Newborn Hospital ; le Dr Vangnakhone, directeur g\u00e9n\u00e9ral Setthatirat Hospital ; le Dr Sommanikhone, directeur g\u00e9n\u00e9ral Children Hospital ; le Dr Somchan, DHCR, minist\u00e8re de la sant\u00e9. Debout, entre autres : le Dr Viladeth, directeur g\u00e9n\u00e9ral de l&rsquo;h\u00f4pital provincial de Xieng Khuang    <\/p>\n<\/div><\/div>\n\n<div class=\"et_pb_image_3 et_pb_image et_pb_module et_block_module preset--group--divi-image--divi-background--default\"><span class=\"et_pb_image_wrap\"><img loading=\"lazy\" decoding=\"async\" src=\"https:\/\/www.swisslaos.ch\/wp-content\/uploads\/SLHP_hospital_management_01_800x600.jpg\" width=\"800\" height=\"600\" srcset=\"https:\/\/www.swisslaos.ch\/wp-content\/uploads\/SLHP_hospital_management_01_800x600.jpg 800w, https:\/\/www.swisslaos.ch\/wp-content\/uploads\/SLHP_hospital_management_01_800x600-480x360.jpg 480w\" sizes=\"(min-width: 0px) and (max-width: 480px) 480px, (min-width: 481px) 800px, 100vw\" class=\"wp-image-3544\" title=\"Participants de l&#039;atelier \u00abCoordinated Strategy\u00bb\" alt=\"Participants de l&#039;atelier \u00abCoordinated Strategy\u00bb\" \/><\/span><\/div>\n\n<div class=\"et_pb_text_8 et_pb_text et_pb_bg_layout_light et_pb_module et_flex_module preset--group--divi-text--divi-background--default preset--module--divi-text--3p9qonrnwq\"><div class=\"et_pb_text_inner\"><p>Atelier sur \u00ab la strat\u00e9gie coordonn\u00e9e \u00bb au minist\u00e8re de la sant\u00e9. Les participants sont des cadres des h\u00f4pitaux Mitthaphab, Mother and Newborn, Setthathirath et Mahosot. <\/p>\n<\/div><\/div>\n\n<div class=\"et_pb_image_4 et_pb_image et_pb_module et_block_module preset--group--divi-image--divi-background--default\"><span class=\"et_pb_image_wrap\"><img loading=\"lazy\" decoding=\"async\" src=\"https:\/\/www.swisslaos.ch\/wp-content\/uploads\/SLHP_hospital_management_02_800x600.jpg\" width=\"800\" height=\"600\" srcset=\"https:\/\/www.swisslaos.ch\/wp-content\/uploads\/SLHP_hospital_management_02_800x600.jpg 800w, https:\/\/www.swisslaos.ch\/wp-content\/uploads\/SLHP_hospital_management_02_800x600-480x360.jpg 480w\" sizes=\"(min-width: 0px) and (max-width: 480px) 480px, (min-width: 481px) 800px, 100vw\" class=\"wp-image-3542\" title=\"Participants de l&#039;atelier \u00abAutonomie hospitali\u00e8re\u00bb\" alt=\"Participants de l&#039;atelier \u00abAutonomie hospitali\u00e8re\u00bb\" \/><\/span><\/div>\n\n<div class=\"et_pb_text_9 et_pb_text et_pb_bg_layout_light et_pb_module et_flex_module preset--group--divi-text--divi-background--default preset--module--divi-text--3p9qonrnwq\"><div class=\"et_pb_text_inner\"><p>Atelier sur \u00ab l&rsquo;autonomie hospitali\u00e8re \u00bb avec la direction \u00e9largie du Children Hospital.<\/p>\n<\/div><\/div>\n\n<div class=\"et_pb_image_5 et_pb_image et_pb_module et_block_module preset--group--divi-image--divi-background--default\"><span class=\"et_pb_image_wrap\"><img loading=\"lazy\" decoding=\"async\" src=\"https:\/\/www.swisslaos.ch\/wp-content\/uploads\/SLHP_hospital_management_03_800x600.jpg\" width=\"800\" height=\"600\" srcset=\"https:\/\/www.swisslaos.ch\/wp-content\/uploads\/SLHP_hospital_management_03_800x600.jpg 800w, https:\/\/www.swisslaos.ch\/wp-content\/uploads\/SLHP_hospital_management_03_800x600-480x360.jpg 480w\" sizes=\"(min-width: 0px) and (max-width: 480px) 480px, (min-width: 481px) 800px, 100vw\" class=\"wp-image-3540\" title=\"Participants du cours de gestion au Mahosot Hospital\" alt=\"Participants du cours de gestion au Mahosot Hospital\" \/><\/span><\/div>\n\n<div class=\"et_pb_text_10 et_pb_text et_pb_bg_layout_light et_pb_module et_flex_module preset--group--divi-text--divi-background--default preset--module--divi-text--3p9qonrnwq\"><div class=\"et_pb_text_inner\"><p>Cours de gestion hospitali\u00e8re \u00e0 l&rsquo;h\u00f4pital Mahosot, dans la capitale Vientiane.<\/p>\n<\/div><\/div>\n\n<div class=\"et_pb_image_6 et_pb_image et_pb_module et_block_module preset--group--divi-image--divi-background--default\"><span class=\"et_pb_image_wrap\"><img loading=\"lazy\" decoding=\"async\" src=\"https:\/\/www.swisslaos.ch\/wp-content\/uploads\/SLHP_hospital_management_04_800x600.jpg\" width=\"800\" height=\"600\" srcset=\"https:\/\/www.swisslaos.ch\/wp-content\/uploads\/SLHP_hospital_management_04_800x600.jpg 800w, https:\/\/www.swisslaos.ch\/wp-content\/uploads\/SLHP_hospital_management_04_800x600-480x360.jpg 480w\" sizes=\"(min-width: 0px) and (max-width: 480px) 480px, (min-width: 481px) 800px, 100vw\" class=\"wp-image-3538\" title=\"Participants du cours au Setthathirath Hospital\" alt=\"Participants du cours au Setthathirath Hospital\" \/><\/span><\/div>\n\n<div class=\"et_pb_text_11 et_pb_text et_pb_bg_layout_light et_pb_module et_flex_module preset--group--divi-text--divi-background--default preset--module--divi-text--3p9qonrnwq\"><div class=\"et_pb_text_inner\"><p>Cours de gestion hospitali\u00e8re \u00e0 l&rsquo;h\u00f4pital Setthathirath, dans la capitale Vientiane.<\/p>\n<\/div><\/div>\n\n<div class=\"et_pb_image_7 et_pb_image et_pb_module et_block_module preset--group--divi-image--divi-background--default\"><span class=\"et_pb_image_wrap\"><img loading=\"lazy\" decoding=\"async\" src=\"https:\/\/www.swisslaos.ch\/wp-content\/uploads\/SLHP_hospital_management_05_800x600.jpg\" width=\"800\" height=\"600\" srcset=\"https:\/\/www.swisslaos.ch\/wp-content\/uploads\/SLHP_hospital_management_05_800x600.jpg 800w, https:\/\/www.swisslaos.ch\/wp-content\/uploads\/SLHP_hospital_management_05_800x600-480x360.jpg 480w\" sizes=\"(min-width: 0px) and (max-width: 480px) 480px, (min-width: 481px) 800px, 100vw\" class=\"wp-image-3536\" title=\"Participants de l&#039;atelier \u00e0 l&#039;h\u00f4pital provincial de Xieng Khouang\" alt=\"Participants de l&#039;atelier \u00e0 l&#039;h\u00f4pital provincial de Xieng Khouang\" \/><\/span><\/div>\n\n<div class=\"et_pb_text_12 et_pb_text et_pb_bg_layout_light et_pb_module et_flex_module preset--group--divi-text--divi-background--default preset--module--divi-text--3p9qonrnwq\"><div class=\"et_pb_text_inner\"><p>Atelier sur la gestion hospitali\u00e8re \u00e0 l&rsquo;h\u00f4pital provincial de Xieng Khouang \u00e0 Phonsavan, au Laos.<\/p>\n<\/div><\/div>\n\n<div class=\"et_pb_image_8 et_pb_image et_pb_module et_block_module preset--group--divi-image--divi-background--default\"><span class=\"et_pb_image_wrap\"><img loading=\"lazy\" decoding=\"async\" src=\"https:\/\/www.swisslaos.ch\/wp-content\/uploads\/SLHP_hospital_management_07_800x600.jpg\" width=\"800\" height=\"600\" srcset=\"https:\/\/www.swisslaos.ch\/wp-content\/uploads\/SLHP_hospital_management_07_800x600.jpg 800w, https:\/\/www.swisslaos.ch\/wp-content\/uploads\/SLHP_hospital_management_07_800x600-480x360.jpg 480w\" sizes=\"(min-width: 0px) and (max-width: 480px) 480px, (min-width: 481px) 800px, 100vw\" class=\"wp-image-3534\" title=\"Cours de gestion hospitali\u00e8re \u00e0 l&#039;h\u00f4pital Mahosot\" alt=\"Cours de gestion hospitali\u00e8re \u00e0 l&#039;h\u00f4pital Mahosot\" \/><\/span><\/div>\n\n<div class=\"et_pb_text_13 et_pb_text et_pb_bg_layout_light et_pb_module et_flex_module preset--group--divi-text--divi-background--default preset--module--divi-text--3p9qonrnwq\"><div class=\"et_pb_text_inner\"><p>Cours de gestion hospitali\u00e8re \u00e0 l&rsquo;h\u00f4pital Mahosot, dans la capitale Vientiane.<\/p>\n<\/div><\/div>\n<\/div>\n<\/div>\n\n<div class=\"et_pb_row_2 et_pb_row et_block_row preset--group--divi-row--divi-background--default preset--group--divi-row--divi-layout--default preset--group--divi-row--divi-layout--hp3jn2g--default\">\n<div class=\"et_pb_column_3 et_pb_column et_pb_column_4_4 et-last-child et_block_column et_pb_css_mix_blend_mode_passthrough preset--group--divi-column--divi-background--default preset--module--divi-column--default\">\n<div class=\"et_pb_text_14 et_pb_text et_pb_bg_layout_light et_pb_module et_block_module preset--group--divi-text--divi-background--default preset--module--divi-text--default\"><div class=\"et_pb_text_inner\"><h2>Couverture dans les m\u00e9dias<\/h2>\n<\/div><\/div>\n\n<div class=\"et_pb_blog_0 et_pb_blog et_pb_bg_layout_light et_pb_posts et_pb_module preset--group--divi-blog--divi-background--default preset--group--divi-blog--divi-font--hhdju96--default preset--group--divi-blog--divi-font--hazxa49--default preset--group--divi-blog--divi-font--hm5q2bb--default preset--group--divi-blog--divi-background--h1n4ayo--default preset--group--divi-blog--divi-layout--hn6ffsy--default preset--group--divi-blog--divi-background--h194u2w--default preset--group--divi-blog--divi-background--h1xv09d--default preset--group--divi-blog--divi-layout--hp3jn2g--default preset--module--divi-blog--default\"><div class=\"et_pb_ajax_pagination_container\"><div class=\"et_pb_posts et_grid_module\"><article class=\"et_pb_post et_pb_post_id_31624 clearfix et_pb_no_thumb et_pb_blog_item_0_0 post-31624 post type-post status-publish format-standard hentry category-gestion-hospitaliere category-revue-de-presse\"><h1 class=\"entry-title\"><a href=\"https:\/\/www.swisslaos.ch\/fr\/hospital-autonomy-increases-service-qualityfor-patients-of-public-hospitals-in-laos\/\">Hospital Autonomy increases service qualityfor patients of public hospitals in Laos<\/a><\/h1><p class=\"post-meta\"><\/p><div class=\"post-content\"><div class=\"post-content-inner\"><p>Vientiane Times, 17 f\u00e9vrier 2026 Rapport sur la r\u00e9union qui s&rsquo;est tenue le 13 f\u00e9vrier 2026 avec la ministre de la sant\u00e9, Baikham Khattiya, des repr\u00e9sentants du minist\u00e8re de la sant\u00e9, des cinq h\u00f4pitaux centraux ainsi que des minist\u00e8res de la sant\u00e9 de dix provinces, sur&#8230;<\/p>\n<\/div><\/div><\/article><\/div><div class=\"pagination clearfix\">\n\t<div class=\"alignleft\"><\/div>\n\t<div class=\"alignright\"><\/div>\n<\/div><\/div><\/div>\n<\/div>\n<\/div>\n<\/div>","protected":false},"excerpt":{"rendered":"","protected":false},"author":35,"featured_media":0,"parent":30631,"menu_order":60,"comment_status":"closed","ping_status":"closed","template":"","meta":{"footnotes":""},"class_list":["post-30683","page","type-page","status-publish","hentry"],"_links":{"self":[{"href":"https:\/\/www.swisslaos.ch\/fr\/wp-json\/wp\/v2\/pages\/30683","targetHints":{"allow":["GET"]}}],"collection":[{"href":"https:\/\/www.swisslaos.ch\/fr\/wp-json\/wp\/v2\/pages"}],"about":[{"href":"https:\/\/www.swisslaos.ch\/fr\/wp-json\/wp\/v2\/types\/page"}],"author":[{"embeddable":true,"href":"https:\/\/www.swisslaos.ch\/fr\/wp-json\/wp\/v2\/users\/35"}],"replies":[{"embeddable":true,"href":"https:\/\/www.swisslaos.ch\/fr\/wp-json\/wp\/v2\/comments?post=30683"}],"version-history":[{"count":3,"href":"https:\/\/www.swisslaos.ch\/fr\/wp-json\/wp\/v2\/pages\/30683\/revisions"}],"predecessor-version":[{"id":30699,"href":"https:\/\/www.swisslaos.ch\/fr\/wp-json\/wp\/v2\/pages\/30683\/revisions\/30699"}],"up":[{"embeddable":true,"href":"https:\/\/www.swisslaos.ch\/fr\/wp-json\/wp\/v2\/pages\/30631"}],"wp:attachment":[{"href":"https:\/\/www.swisslaos.ch\/fr\/wp-json\/wp\/v2\/media?parent=30683"}],"curies":[{"name":"wp","href":"https:\/\/api.w.org\/{rel}","templated":true}]}}