{"id":30647,"date":"2016-11-25T23:46:54","date_gmt":"2016-11-25T22:46:54","guid":{"rendered":"https:\/\/www.swisslaos.ch\/sites-dintervention\/"},"modified":"2026-05-09T07:49:58","modified_gmt":"2026-05-09T05:49:58","slug":"sites-dintervention","status":"publish","type":"page","link":"https:\/\/www.swisslaos.ch\/fr\/sites-dintervention\/","title":{"rendered":"Sites d&rsquo;intervention"},"content":{"rendered":"<div class=\"et_pb_section_0 et_pb_section et_section_regular et_block_section preset--group--divi-section--divi-background--default preset--group--divi-section--divi-layout--default preset--group--divi-section--divi-background--holx0rd--default preset--group--divi-section--divi-background--h1970n6--default preset--group--divi-section--divi-background--h1ts49l--default preset--group--divi-section--divi-background--h1xv09d--default preset--group--divi-section--divi-layout--hp3jn2g--default\">\n<div class=\"et_pb_row_0 et_pb_row et_block_row preset--group--divi-row--divi-background--default preset--group--divi-row--divi-layout--default preset--group--divi-row--divi-layout--hp3jn2g--default\">\n<div class=\"et_pb_column_0 et_pb_column et_pb_column_4_4 et-last-child et_block_column et_pb_css_mix_blend_mode_passthrough preset--group--divi-column--divi-background--default preset--module--divi-column--default\">\n<div class=\"et_pb_text_0 et_pb_text et_pb_bg_layout_light et_pb_module et_block_module preset--group--divi-text--divi-background--default preset--module--divi-text--default\"><div class=\"et_pb_text_inner\"><h1>Sites d'intervention<\/h1>\n<h3>Nos h\u00f4pitaux partenaires au Laos<\/h3>\n<\/div><\/div>\n<\/div>\n<\/div>\n\n<div class=\"et_pb_row_1 et_pb_row et_block_row preset--group--divi-row--divi-background--default preset--group--divi-row--divi-layout--default preset--group--divi-row--divi-layout--hp3jn2g--default\">\n<div class=\"et_pb_column_1 et_pb_column et_pb_column_4_4 et-last-child et_block_column et_pb_css_mix_blend_mode_passthrough preset--group--divi-column--divi-background--default preset--module--divi-column--default\">\n<div class=\"et_pb_image_0 et_pb_image et_pb_module et_flex_module preset--group--divi-image--divi-background--default\"><span class=\"et_pb_image_wrap\"><img loading=\"lazy\" decoding=\"async\" src=\"https:\/\/www.swisslaos.ch\/wp-content\/uploads\/karte-laos-einsatzorte-1200x800-1.png\" alt=\"Carte du Laos indiquant les sites d&#039;intervention du Swiss Laos Hospital Project\" title=\"Carte du Laos indiquant les sites d&#039;intervention du Swiss Laos Hospital Project\" width=\"1830\" height=\"1219\" srcset=\"https:\/\/www.swisslaos.ch\/wp-content\/uploads\/karte-laos-einsatzorte-1200x800-1.png 1830w, https:\/\/www.swisslaos.ch\/wp-content\/uploads\/karte-laos-einsatzorte-1200x800-1-1280x853.png 1280w, https:\/\/www.swisslaos.ch\/wp-content\/uploads\/karte-laos-einsatzorte-1200x800-1-980x653.png 980w, https:\/\/www.swisslaos.ch\/wp-content\/uploads\/karte-laos-einsatzorte-1200x800-1-480x320.png 480w\" sizes=\"(min-width: 0px) and (max-width: 480px) 480px, (min-width: 481px) and (max-width: 980px) 980px, (min-width: 981px) and (max-width: 1280px) 1280px, (min-width: 1281px) 1830px, 100vw\" class=\"wp-image-31586\" \/><\/span><\/div>\n<\/div>\n<\/div>\n<\/div>\n\n<div class=\"et_pb_section_1 et_pb_section et_section_regular et_block_section preset--group--divi-section--divi-background--default preset--group--divi-section--divi-layout--default preset--group--divi-section--divi-background--holx0rd--default preset--group--divi-section--divi-background--h1970n6--default preset--group--divi-section--divi-background--h1ts49l--default preset--group--divi-section--divi-background--h1xv09d--default preset--group--divi-section--divi-layout--hp3jn2g--default\">\n<div class=\"et_pb_row_2 et_pb_row et_block_row preset--group--divi-row--divi-background--default preset--group--divi-row--divi-layout--default preset--group--divi-row--divi-layout--hp3jn2g--default\">\n<div class=\"et_pb_column_2 et_pb_column et_pb_column_1_3 et_block_column et_pb_css_mix_blend_mode_passthrough preset--group--divi-column--divi-background--default preset--module--divi-column--default\">\n<div class=\"et_pb_text_1 et_pb_text et_pb_bg_layout_light et_pb_module et_block_module preset--group--divi-text--divi-background--default preset--module--divi-text--default\"><div class=\"et_pb_text_inner\"><h2>Mother and Newborn Hospital<\/h2>\n<h3>Vientiane<\/h3>\n<p><img loading=\"lazy\" decoding=\"async\" class=\"alignnone wp-image-385 size-full\" src=\"https:\/\/www.swisslaos.ch\/wp-content\/uploads\/jahresbericht_2013-2014_08.jpg\" alt=\"Le nouvel Mother and Newborn Hospital \u00e0 Vientiane, Laos\" width=\"800\" height=\"600\" srcset=\"https:\/\/www.swisslaos.ch\/wp-content\/uploads\/jahresbericht_2013-2014_08.jpg 800w, https:\/\/www.swisslaos.ch\/wp-content\/uploads\/jahresbericht_2013-2014_08-300x225.jpg 300w, https:\/\/www.swisslaos.ch\/wp-content\/uploads\/jahresbericht_2013-2014_08-768x576.jpg 768w, https:\/\/www.swisslaos.ch\/wp-content\/uploads\/jahresbericht_2013-2014_08-510x382.jpg 510w\" sizes=\"(max-width: 800px) 100vw, 800px\" \/><\/p>\n<p>L'histoire du Swiss Laos Hospital Project est indissociable de celle du Mother and Child Hospital (aujourd'hui : Mother and Newborn Hospital) \u00e0 la capitale, <a href=\"http:\/\/www.openstreetmap.org\/#map=16\/18.0340\/102.6028\" target=\"_blank\" rel=\"noopener noreferrer\">Vientiane<\/a> (en laotien : \u0ea7\u0ebd\u0e87\u0e88\u0eb1\u0e99). Depuis ses premi\u00e8res visites au Laos, notre fondateur, le Dr Urs Lauper, entretenait des \u00e9changes intensifs avec le directeur m\u00e9dical de cet h\u00f4pital, le Prof. Dr Bouavanh Sensathit. Nous sommes r\u00e9guli\u00e8rement invit\u00e9s dans cet h\u00f4pital depuis plus d\u2019une d\u00e9cennie et pouvons ainsi nous faire une bonne id\u00e9e des d\u00e9fis rencontr\u00e9s en gyn\u00e9cologie, obst\u00e9trique et n\u00e9onatologie dans un pays en d\u00e9veloppement. Le financement du solde des travaux du nouvel h\u00f4pital, inaugur\u00e9 en 2015, a constitu\u00e9 jusqu\u2019\u00e0 pr\u00e9sent notre plus grand projet individuel (cf. <a href=\"https:\/\/www.swisslaos.ch\/berichte\/jahresbericht-2015-2016\/\">rapport annuel 2015\/2016<\/a>). Nous entretenons une collaboration particuli\u00e8rement fructueuse avec la responsable du service de n\u00e9onatologie, le Dr Vesaphong Phommady, et le Mother and Newborn Hospital s\u2019est d\u00e9velopp\u00e9 au fil des ans pour devenir un h\u00f4pital universitaire d\u2019envergure nationale.    <\/p>\n<\/div><\/div>\n<\/div>\n\n<div class=\"et_pb_column_3 et_pb_column et_pb_column_1_3 et_block_column et_pb_css_mix_blend_mode_passthrough preset--group--divi-column--divi-background--default preset--module--divi-column--default\">\n<div class=\"et_pb_text_2 et_pb_text et_pb_bg_layout_light et_pb_module et_block_module preset--group--divi-text--divi-background--default preset--module--divi-text--default\"><div class=\"et_pb_text_inner\"><h2>Xieng Khouang Province Hospital<\/h2>\n<h3>Phonsavan<\/h3>\n<p><img loading=\"lazy\" decoding=\"async\" src=\"https:\/\/www.swisslaos.ch\/wp-content\/uploads\/new-xieng-khouang-provincial-hospital-1200x900-1.jpg\" width=\"1200\" height=\"900\" alt=\"Le nouvel h\u00f4pital provincial Xieng Khouang\" class=\"wp-image-4893 alignnone size-full\" srcset=\"https:\/\/www.swisslaos.ch\/wp-content\/uploads\/new-xieng-khouang-provincial-hospital-1200x900-1.jpg 1200w, https:\/\/www.swisslaos.ch\/wp-content\/uploads\/new-xieng-khouang-provincial-hospital-1200x900-1-980x735.jpg 980w, https:\/\/www.swisslaos.ch\/wp-content\/uploads\/new-xieng-khouang-provincial-hospital-1200x900-1-480x360.jpg 480w\" sizes=\"(min-width: 0px) and (max-width: 480px) 480px, (min-width: 481px) and (max-width: 980px) 980px, (min-width: 981px) 1200px, 100vw\" \/><\/p>\n<p>L'h\u00f4pital de <a href=\"http:\/\/www.openstreetmap.org\/#map=17\/19.44653\/103.20296\" target=\"_blank\" rel=\"noopener noreferrer\">Phonsavan<\/a> (en laotien : \u0ec2\u0e9e\u0e99\u0eaa\u0eb0\u0eab\u0ea7\u0eb1\u0e99), situ\u00e9 dans la capitale provinciale, est un partenaire de longue date de l'h\u00f4pital cantonal de Winterthur (KSW). Ce partenariat bien \u00e9tabli est g\u00e9r\u00e9 par <a href=\"http:\/\/www.ksw-laos.ch\" target=\"_blank\" rel=\"noopener noreferrer\">l'association \u00ab Spitalpartnerschaft Phonsavan (Laos) &amp; Kantonsspital Winterthur \u00bb<\/a>, qui travaille en \u00e9troite collaboration avec le Swiss Laos Hospital Project. En tant qu\u2019h\u00f4pital provincial, le Xieng Khouang Provincial Hospital compte parmi les \u00e9tablissements les plus grands et les mieux \u00e9quip\u00e9s \u2013 il dispose par exemple d\u2019un appareil de radiographie et m\u00eame d\u2019une petite unit\u00e9 de soins intensifs, ce qui est loin d\u2019\u00eatre la norme au Laos.  <\/p>\n<p>Le nouveau b\u00e2timent de l'h\u00f4pital provincial de Xieng Khouang, offert par le gouvernement vietnamien, a \u00e9t\u00e9 inaugur\u00e9 en grande pompe le 16 mai 2023. Nous apportons notre soutien pour rem\u00e9dier aux d\u00e9fauts de construction et pour former le personnel, afin que cet h\u00f4pital moderne puisse fonctionner correctement. <\/p>\n<\/div><\/div>\n<\/div>\n\n<div class=\"et_pb_column_4 et_pb_column et_pb_column_1_3 et-last-child et_block_column et_pb_css_mix_blend_mode_passthrough preset--group--divi-column--divi-background--default preset--module--divi-column--default\">\n<div class=\"et_pb_text_3 et_pb_text et_pb_bg_layout_light et_pb_module et_block_module preset--group--divi-text--divi-background--default preset--module--divi-text--default\"><div class=\"et_pb_text_inner\"><h2>Kham District Hospital<\/h2>\n<h3>Muang Kham<\/h3>\n<p><img loading=\"lazy\" decoding=\"async\" class=\"alignnone wp-image-342 size-full\" src=\"https:\/\/www.swisslaos.ch\/wp-content\/uploads\/2014_21_maternite_muang_kham.jpg\" alt=\"La maternit\u00e9 de l'h\u00f4pital de district de Muang Kham\" width=\"1200\" height=\"900\" srcset=\"https:\/\/www.swisslaos.ch\/wp-content\/uploads\/2014_21_maternite_muang_kham.jpg 1200w, https:\/\/www.swisslaos.ch\/wp-content\/uploads\/2014_21_maternite_muang_kham-300x225.jpg 300w, https:\/\/www.swisslaos.ch\/wp-content\/uploads\/2014_21_maternite_muang_kham-768x576.jpg 768w, https:\/\/www.swisslaos.ch\/wp-content\/uploads\/2014_21_maternite_muang_kham-1024x768.jpg 1024w, https:\/\/www.swisslaos.ch\/wp-content\/uploads\/2014_21_maternite_muang_kham-510x382.jpg 510w, https:\/\/www.swisslaos.ch\/wp-content\/uploads\/2014_21_maternite_muang_kham-1080x810.jpg 1080w\" sizes=\"(max-width: 1200px) 100vw, 1200px\" \/><\/p>\n<p>L'h\u00f4pital de district de <a href=\"http:\/\/www.openstreetmap.org\/#map=17\/19.63306\/103.54924\" target=\"_blank\" rel=\"noopener noreferrer\">Muang Kham<\/a> (en laotien : \u0ec0\u0ea1\u0eb7\u0ead\u0e87\u0e84\u0eb3) est l'un de nos partenaires les plus anciens et les plus importants, en particulier pour notre groupe de m\u00e9decins g\u00e9n\u00e9ralistes, qui s'y rend plusieurs fois par an avec une \u00e9quipe depuis 2008. Notre travail se concentre sur la formation continue du corps m\u00e9dical et du personnel soignant, ainsi que sur la mise en place et le fonctionnement du laboratoire de l'h\u00f4pital. Parall\u00e8lement, le Swiss Laos Hospital Project a cofinanc\u00e9 divers projets de construction, tels que la maternit\u00e9 (photo) ou le b\u00e2timent de radiologie. L'h\u00f4pital du district de Kham illustre bien le d\u00e9veloppement fulgurant que conna\u00eet actuellement ce pays : lors de notre premi\u00e8re visite, il n'y avait ni \u00e9lectricit\u00e9 ni Internet, et le nombre de patients \u00e9tait modeste. Aujourd'hui, sous la direction de son directeur de longue date, le Prof. Dr m\u00e9d. Bounpheng Somphansouk, l'h\u00f4pital du district de Kham est un h\u00f4pital sp\u00e9cialis\u00e9 qui fonctionne bien et qui est depuis peu en mesure de r\u00e9aliser des radiographies.    <\/p>\n<\/div><\/div>\n<\/div>\n<\/div>\n\n<div class=\"et_pb_row_3 et_pb_row et_block_row preset--group--divi-row--divi-background--default preset--group--divi-row--divi-layout--default preset--group--divi-row--divi-layout--hp3jn2g--default\">\n<div class=\"et_pb_column_5 et_pb_column et_pb_column_1_3 et_block_column et_pb_css_mix_blend_mode_passthrough preset--group--divi-column--divi-background--default preset--module--divi-column--default\">\n<div class=\"et_pb_text_4 et_pb_text et_pb_bg_layout_light et_pb_module et_block_module preset--group--divi-text--divi-background--default preset--module--divi-text--default\"><div class=\"et_pb_text_inner\"><h2>Nong Het District Hospital<\/h2>\n<h3>Nong Het<\/h3>\n<p><img loading=\"lazy\" decoding=\"async\" class=\"alignnone wp-image-343 size-full\" src=\"https:\/\/www.swisslaos.ch\/wp-content\/uploads\/2014_33_distriktspital_nong_het.jpg\" alt=\"H\u00f4pital de district de Nong Het (2014)\" width=\"1200\" height=\"900\" srcset=\"https:\/\/www.swisslaos.ch\/wp-content\/uploads\/2014_33_distriktspital_nong_het.jpg 1200w, https:\/\/www.swisslaos.ch\/wp-content\/uploads\/2014_33_distriktspital_nong_het-300x225.jpg 300w, https:\/\/www.swisslaos.ch\/wp-content\/uploads\/2014_33_distriktspital_nong_het-768x576.jpg 768w, https:\/\/www.swisslaos.ch\/wp-content\/uploads\/2014_33_distriktspital_nong_het-1024x768.jpg 1024w, https:\/\/www.swisslaos.ch\/wp-content\/uploads\/2014_33_distriktspital_nong_het-510x382.jpg 510w, https:\/\/www.swisslaos.ch\/wp-content\/uploads\/2014_33_distriktspital_nong_het-1080x810.jpg 1080w\" sizes=\"(max-width: 1200px) 100vw, 1200px\" \/><\/p>\n<p><a href=\"http:\/\/www.openstreetmap.org\/#map=16\/19.5022\/103.9797\" target=\"_blank\" rel=\"noopener noreferrer\">Nong Het<\/a> (en laotien : \u0edc\u0ead\u0e87\u0ec1\u0eae\u0e94) est situ\u00e9 dans le nord-est montagneux du Laos, pr\u00e8s de la fronti\u00e8re vietnamienne. Depuis 2014, cet h\u00f4pital \u2013 relativement petit par rapport \u00e0 celui de Muang Kham \u2013 est le deuxi\u00e8me lieu d'intervention de notre groupe de m\u00e9decins g\u00e9n\u00e9ralistes. L'objectif est de renforcer les soins de base dans cette r\u00e9gion isol\u00e9e, afin que les patients n'aient plus \u00e0 se rendre \u00e0 Muang Kham, situ\u00e9 \u00e0 deux heures de route. Outre la formation continue du personnel m\u00e9dical, nous nous consacrons \u00e9galement \u00e0 la mise en place d'un laboratoire hospitalier de base, et la construction d'une salle d'op\u00e9ration a pu \u00eatre r\u00e9alis\u00e9e en 2020.   <\/p>\n<\/div><\/div>\n<\/div>\n\n<div class=\"et_pb_column_6 et_pb_column et_pb_column_1_3 et_block_column et_pb_css_mix_blend_mode_passthrough preset--group--divi-column--divi-background--default preset--module--divi-column--default\">\n<div class=\"et_pb_text_5 et_pb_text et_pb_bg_layout_light et_pb_module et_block_module preset--group--divi-text--divi-background--default preset--module--divi-text--default\"><div class=\"et_pb_text_inner\"><h2>Houaphan Province Hospital<\/h2>\n<h3>Sam Neua<\/h3>\n<p><img loading=\"lazy\" decoding=\"async\" class=\"wp-image-1022 alignnone size-full\" src=\"https:\/\/www.swisslaos.ch\/wp-content\/uploads\/Sam_Neua_960x720-1.jpg\" alt=\"H\u00f4pital de Sam Neua, au Laos\" width=\"960\" height=\"720\" srcset=\"https:\/\/www.swisslaos.ch\/wp-content\/uploads\/Sam_Neua_960x720-1.jpg 960w, https:\/\/www.swisslaos.ch\/wp-content\/uploads\/Sam_Neua_960x720-1-300x225.jpg 300w, https:\/\/www.swisslaos.ch\/wp-content\/uploads\/Sam_Neua_960x720-1-768x576.jpg 768w, https:\/\/www.swisslaos.ch\/wp-content\/uploads\/Sam_Neua_960x720-1-600x450.jpg 600w, https:\/\/www.swisslaos.ch\/wp-content\/uploads\/Sam_Neua_960x720-1-60x45.jpg 60w, https:\/\/www.swisslaos.ch\/wp-content\/uploads\/Sam_Neua_960x720-1-510x382.jpg 510w\" sizes=\"(max-width: 960px) 100vw, 960px\" \/><\/p>\n<p><a href=\"http:\/\/www.openstreetmap.org\/#map=16\/20.4097\/104.0504\" target=\"_blank\" rel=\"noopener noreferrer\">Sam Neua<\/a> (en laotien : \u0e8a\u0eb3\u0ec0\u0eab\u0e99\u0eb7\u0ead) est la capitale de la province de Houaphan, dans le nord-est du Laos. La gyn\u00e9cologue Gabriele Heer, docteur en m\u00e9decine, et la sage-femme Claudia Heer, notamment, ont effectu\u00e9 des missions pendant de nombreuses ann\u00e9es \u00e0 l'h\u00f4pital local. <\/p>\n<\/div><\/div>\n<\/div>\n\n<div class=\"et_pb_column_7 et_pb_column et_pb_column_1_3 et-last-child et_block_column et_pb_css_mix_blend_mode_passthrough preset--group--divi-column--divi-background--default preset--module--divi-column--default\">\n<div class=\"et_pb_text_6 et_pb_text et_pb_bg_layout_light et_pb_module et_block_module preset--group--divi-text--divi-background--default preset--module--divi-text--default\"><div class=\"et_pb_text_inner\"><h2>Sayabouly Province Hospital<\/h2>\n<h3>Sayabouly<\/h3>\n<p><img loading=\"lazy\" decoding=\"async\" class=\"wp-image-1816 alignnone size-full\" src=\"https:\/\/www.swisslaos.ch\/wp-content\/uploads\/Sayabouly_Spital.jpg\" alt=\"H\u00f4pital de Sayabouly\" width=\"800\" height=\"600\" srcset=\"https:\/\/www.swisslaos.ch\/wp-content\/uploads\/Sayabouly_Spital.jpg 800w, https:\/\/www.swisslaos.ch\/wp-content\/uploads\/Sayabouly_Spital-300x225.jpg 300w, https:\/\/www.swisslaos.ch\/wp-content\/uploads\/Sayabouly_Spital-768x576.jpg 768w, https:\/\/www.swisslaos.ch\/wp-content\/uploads\/Sayabouly_Spital-510x382.jpg 510w\" sizes=\"(max-width: 800px) 100vw, 800px\" \/><\/p>\n<p>Tout au nord-ouest du Laos se trouve <a href=\"http:\/\/www.openstreetmap.org\/#map=17\/19.24017\/101.71130\" target=\"_blank\" rel=\"noopener noreferrer\">Sayabouly<\/a> (en laotien : \u0ec4\u0e8a\u0e8d\u0eb0\u0e9a\u0eb9\u0ea5\u0eb5), capitale de la province du m\u00eame nom. \u00c0 noter toutefois qu\u2019il n\u2019y a gu\u00e8re de ville laotienne dont l\u2019orthographe latine varie autant ; on la conna\u00eet ainsi \u00e9galement sous les noms de Sainyabuli, Sayabouri ou Xaignabouli. L'h\u00f4pital provincial de Sayabouly se trouve au sud de la ville.  <\/p>\n<p>&nbsp;<\/p>\n<\/div><\/div>\n<\/div>\n<\/div>\n\n<div class=\"et_pb_row_4 et_pb_row et_block_row preset--group--divi-row--divi-background--default preset--group--divi-row--divi-layout--default preset--group--divi-row--divi-layout--hp3jn2g--default\">\n<div class=\"et_pb_column_8 et_pb_column et_pb_column_1_3 et_block_column et_pb_css_mix_blend_mode_passthrough preset--group--divi-column--divi-background--default preset--module--divi-column--default\">\n<div class=\"et_pb_text_7 et_pb_text et_pb_bg_layout_light et_pb_module et_block_module preset--group--divi-text--divi-background--default preset--module--divi-text--default\"><div class=\"et_pb_text_inner\"><h2>Savannakhet Province Hospital<\/h2>\n<h3>Savannakhet<\/h3>\n<p><img loading=\"lazy\" decoding=\"async\" class=\"wp-image-1811 alignnone size-full\" src=\"https:\/\/www.swisslaos.ch\/wp-content\/uploads\/Savannakhet_Spital.jpg\" alt=\"H\u00f4pital de Savannakhet\" width=\"800\" height=\"600\" srcset=\"https:\/\/www.swisslaos.ch\/wp-content\/uploads\/Savannakhet_Spital.jpg 800w, https:\/\/www.swisslaos.ch\/wp-content\/uploads\/Savannakhet_Spital-300x225.jpg 300w, https:\/\/www.swisslaos.ch\/wp-content\/uploads\/Savannakhet_Spital-768x576.jpg 768w, https:\/\/www.swisslaos.ch\/wp-content\/uploads\/Savannakhet_Spital-510x382.jpg 510w\" sizes=\"(max-width: 800px) 100vw, 800px\" \/><\/p>\n<p><a href=\"http:\/\/www.openstreetmap.org\/#map=16\/16.5496\/104.7446\" target=\"_blank\" rel=\"noopener noreferrer\">Savannakhet<\/a> (en laotien : \u0eaa\u0eb0\u0eab\u0ea7\u0eb1\u0e99\u0e99\u0eb0\u0ec0\u0e82\u0e94) est la capitale de la province du m\u00eame nom, situ\u00e9e dans le sud du pays. Avec environ 120 000 habitants, c'est la deuxi\u00e8me plus grande ville du Laos. Tout comme Vientiane et Pakse, elle est situ\u00e9e au bord du M\u00e9kong et dispose d'un a\u00e9roport. L'h\u00f4pital, qui compte 200 lits, enregistre environ 2 000 naissances par an. Le Swiss Laos Hospital Project y est pr\u00e9sent depuis 2010.    <\/p>\n<\/div><\/div>\n<\/div>\n\n<div class=\"et_pb_column_9 et_pb_column et_pb_column_1_3 et_block_column et_pb_css_mix_blend_mode_passthrough preset--group--divi-column--divi-background--default preset--module--divi-column--default\">\n<div class=\"et_pb_text_8 et_pb_text et_pb_bg_layout_light et_pb_module et_block_module preset--group--divi-text--divi-background--default preset--module--divi-text--default\"><div class=\"et_pb_text_inner\"><h2>Champasak Province Hospital<\/h2>\n<h3>Pakse<\/h3>\n<p><img loading=\"lazy\" decoding=\"async\" class=\"wp-image-1810 alignnone size-full\" src=\"https:\/\/www.swisslaos.ch\/wp-content\/uploads\/Pakse_Spital.jpg\" alt=\"H\u00f4pital de Pakse\" width=\"800\" height=\"600\" srcset=\"https:\/\/www.swisslaos.ch\/wp-content\/uploads\/Pakse_Spital.jpg 800w, https:\/\/www.swisslaos.ch\/wp-content\/uploads\/Pakse_Spital-300x225.jpg 300w, https:\/\/www.swisslaos.ch\/wp-content\/uploads\/Pakse_Spital-768x576.jpg 768w, https:\/\/www.swisslaos.ch\/wp-content\/uploads\/Pakse_Spital-510x382.jpg 510w\" sizes=\"(max-width: 800px) 100vw, 800px\" \/><\/p>\n<p><a href=\"http:\/\/www.openstreetmap.org\/#map=17\/15.11757\/105.79947\" target=\"_blank\" rel=\"noopener noreferrer\">Pakse<\/a> (en laotien : \u0e9b\u0eb2\u0e81\u0ec0\u0e8a) est la troisi\u00e8me plus grande ville du Laos et la capitale de la province de Champasak, la plus m\u00e9ridionale du pays. Elle est situ\u00e9e \u00e0 l'embouchure de la rivi\u00e8re Sedon dans le M\u00e9kong et dispose d'un a\u00e9roport. L'h\u00f4pital central de Pakse compte 200 lits et accueille 3 200 naissances par an. Le Swiss Laos Hospital Project y est r\u00e9guli\u00e8rement pr\u00e9sent depuis 2012.   <\/p>\n<\/div><\/div>\n<\/div>\n\n<div class=\"et_pb_column_10 et_pb_column et_pb_column_1_3 et-last-child et_block_column et_pb_css_mix_blend_mode_passthrough preset--group--divi-column--divi-background--default preset--module--divi-column--default\">\n<div class=\"et_pb_text_9 et_pb_text et_pb_bg_layout_light et_pb_module et_block_module preset--group--divi-text--divi-background--default preset--module--divi-text--default\"><div class=\"et_pb_text_inner\"><h2>Luang Namtha Province Hospital<\/h2>\n<h3>Luang Namtha<\/h3>\n<p><img loading=\"lazy\" decoding=\"async\" class=\"wp-image-1809 alignnone size-full\" src=\"https:\/\/www.swisslaos.ch\/wp-content\/uploads\/Luang_Namtha_Spital.jpg\" alt=\"H\u00f4pital de Luang Namtha\" width=\"800\" height=\"533\" srcset=\"https:\/\/www.swisslaos.ch\/wp-content\/uploads\/Luang_Namtha_Spital.jpg 800w, https:\/\/www.swisslaos.ch\/wp-content\/uploads\/Luang_Namtha_Spital-300x200.jpg 300w, https:\/\/www.swisslaos.ch\/wp-content\/uploads\/Luang_Namtha_Spital-768x512.jpg 768w\" sizes=\"(max-width: 800px) 100vw, 800px\" \/><\/p>\n<p><a href=\"http:\/\/www.openstreetmap.org\/#map=17\/20.99805\/101.41133\" target=\"_blank\" rel=\"noopener noreferrer\">Luang Namtha<\/a> (en laotien : \u0eab\u0ea5\u0ea7\u0e87\u0e99\u0ecd\u0ec9\u0eb2\u0e97\u0eb2) n'est certes qu'une petite ville de quelques milliers d'habitants, mais elle est n\u00e9anmoins le chef-lieu de la province du m\u00eame nom. La ville tire son nom de la rivi\u00e8re Tha (en laotien : Nam Tha) au bord de laquelle elle est situ\u00e9e. C'est \u00e0 l'h\u00f4pital provincial de Luang Namtha qu'a \u00e9t\u00e9 inaugur\u00e9 en 2014 le tout dernier service de n\u00e9onatologie, que le Swiss Laos Hospital Project a contribu\u00e9 \u00e0 concevoir et \u00e0 financer ; en 2018, nous avons pu inaugurer officiellement la nouvelle salle d'accouchement.  <\/p>\n<\/div><\/div>\n<\/div>\n<\/div>\n<\/div>","protected":false},"excerpt":{"rendered":"","protected":false},"author":35,"featured_media":0,"parent":0,"menu_order":66,"comment_status":"closed","ping_status":"closed","template":"","meta":{"footnotes":""},"class_list":["post-30647","page","type-page","status-publish","hentry"],"_links":{"self":[{"href":"https:\/\/www.swisslaos.ch\/fr\/wp-json\/wp\/v2\/pages\/30647","targetHints":{"allow":["GET"]}}],"collection":[{"href":"https:\/\/www.swisslaos.ch\/fr\/wp-json\/wp\/v2\/pages"}],"about":[{"href":"https:\/\/www.swisslaos.ch\/fr\/wp-json\/wp\/v2\/types\/page"}],"author":[{"embeddable":true,"href":"https:\/\/www.swisslaos.ch\/fr\/wp-json\/wp\/v2\/users\/35"}],"replies":[{"embeddable":true,"href":"https:\/\/www.swisslaos.ch\/fr\/wp-json\/wp\/v2\/comments?post=30647"}],"version-history":[{"count":2,"href":"https:\/\/www.swisslaos.ch\/fr\/wp-json\/wp\/v2\/pages\/30647\/revisions"}],"predecessor-version":[{"id":31781,"href":"https:\/\/www.swisslaos.ch\/fr\/wp-json\/wp\/v2\/pages\/30647\/revisions\/31781"}],"wp:attachment":[{"href":"https:\/\/www.swisslaos.ch\/fr\/wp-json\/wp\/v2\/media?parent=30647"}],"curies":[{"name":"wp","href":"https:\/\/api.w.org\/{rel}","templated":true}]}}