{"id":3513,"date":"2020-06-18T17:37:33","date_gmt":"2020-06-18T15:37:33","guid":{"rendered":"https:\/\/www.swisslaos.ch\/annual-report-2019\/"},"modified":"2020-06-28T10:16:13","modified_gmt":"2020-06-28T08:16:13","slug":"annual-report-2019","status":"publish","type":"page","link":"https:\/\/www.swisslaos.ch\/en\/reports\/annual-report-2019\/","title":{"rendered":"Annual Report 2019"},"content":{"rendered":"<p><div class=\"et_d4_element et_pb_section et_pb_section_0  et_pb_css_mix_blend_mode et_pb_fullwidth_section et_section_regular et_block_section\" >\n\t\t\t\t\n\t\t\t\t\n\t\t\t\t\n\t\t\t\t\n\t\t\t\t\n\t\t\t\t\n\t\t\t\t<div class=\"et_pb_module et_d4_element et_pb_fullwidth_image et_pb_fullwidth_image_0\">\n\t\t\t\t\n\t\t\t\t\n\t\t\t\t\n\t\t\t\t\n\t\t\t\t<img loading=\"lazy\" decoding=\"async\" width=\"1400\" height=\"400\" src=\"https:\/\/www.swisslaos.ch\/wp-content\/uploads\/SLHP_Header_Jahresbericht_2018.jpg\" alt=\"Girl in Laos\" title=\"Girl in Laos\" srcset=\"https:\/\/www.swisslaos.ch\/wp-content\/uploads\/SLHP_Header_Jahresbericht_2018.jpg 1400w, https:\/\/www.swisslaos.ch\/wp-content\/uploads\/SLHP_Header_Jahresbericht_2018-1280x366.jpg 1280w, https:\/\/www.swisslaos.ch\/wp-content\/uploads\/SLHP_Header_Jahresbericht_2018-980x280.jpg 980w, https:\/\/www.swisslaos.ch\/wp-content\/uploads\/SLHP_Header_Jahresbericht_2018-480x137.jpg 480w\" sizes=\"(min-width: 0px) and (max-width: 480px) 480px, (min-width: 481px) and (max-width: 980px) 980px, (min-width: 981px) and (max-width: 1280px) 1280px, (min-width: 1281px) 1400px, 100vw\" class=\"wp-image-3480\" \/>\n\t\t\t\n\t\t\t<\/div>\n\t\t\t\t\n\t\t\t\t\n\t\t\t<\/div><div class=\"et_d4_element et_pb_section et_pb_section_1  et_pb_css_mix_blend_mode et_section_regular et_block_section\" >\n\t\t\t\t\n\t\t\t\t\n\t\t\t\t\n\t\t\t\t\n\t\t\t\t\n\t\t\t\t\n\t\t\t\t<div class=\"et_d4_element et_pb_row et_pb_row_0  et_pb_css_mix_blend_mode et_block_row\">\n\t\t\t\t<div class=\"et_d4_element et_pb_column_4_4 et_pb_column et_pb_column_0  et_pb_css_mix_blend_mode et-last-child et_block_column\">\n\t\t\t\t\n\t\t\t\t\n\t\t\t\t\n\t\t\t\t\n\t\t\t\t<div class=\"et_pb_module et_d4_element et_pb_text et_pb_text_0  et_pb_text_align_left et_pb_bg_layout_light\">\n\t\t\t\t\n\t\t\t\t\n\t\t\t\t\n\t\t\t\t\n\t\t\t\t<div class=\"et_pb_text_inner\"><h1>Annual Report 2019<\/h1>\n<h3><\/h3><\/div>\n\t\t\t<\/div>\n\t\t\t<\/div>\n\t\t\t\t\n\t\t\t\t\n\t\t\t\t\n\t\t\t\t\n\t\t\t<\/div><div class=\"et_d4_element et_pb_row et_pb_row_1  et_pb_css_mix_blend_mode et_block_row\">\n\t\t\t\t<div class=\"et_d4_element et_pb_column_4_4 et_pb_column et_pb_column_1  et_pb_css_mix_blend_mode et-last-child et_block_column\">\n\t\t\t\t\n\t\t\t\t\n\t\t\t\t\n\t\t\t\t\n\t\t\t\t<div class=\"et_pb_module et_d4_element et_pb_text et_pb_text_1  et_pb_text_align_left et_pb_bg_layout_light\">\n\t\t\t\t\n\t\t\t\t\n\t\t\t\t\n\t\t\t\t\n\t\t\t\t<div class=\"et_pb_text_inner\"><h2>General Information<\/h2><\/div>\n\t\t\t<\/div>\n\t\t\t<\/div>\n\t\t\t\t\n\t\t\t\t\n\t\t\t\t\n\t\t\t\t\n\t\t\t<\/div><div class=\"et_d4_element et_pb_row et_pb_row_2  et_pb_css_mix_blend_mode et_block_row\">\n\t\t\t\t<div class=\"et_d4_element et_pb_column_1_3 et_pb_column et_pb_column_2  et_pb_css_mix_blend_mode et_block_column\">\n\t\t\t\t\n\t\t\t\t\n\t\t\t\t\n\t\t\t\t\n\t\t\t\t<div class=\"et_pb_module et_d4_element et_pb_text et_pb_text_2  et_pb_text_align_left et_pb_bg_layout_light\">\n\t\t\t\t\n\t\t\t\t\n\t\t\t\t\n\t\t\t\t\n\t\t\t\t<div class=\"et_pb_text_inner\"><strong>The Swiss Laos Hospital Project association aims to provide humanitarian, medical and financial support to hospitals, doctors and medical staff as well as patients in Laos.<\/strong><\/p>\n<p><strong>The following activities were carried out in the year under review.<\/strong><\/div>\n\t\t\t<\/div><div class=\"et_pb_module et_d4_element et_pb_text et_pb_text_3  et_pb_text_align_left et_pb_bg_layout_light\">\n\t\t\t\t\n\t\t\t\t\n\t\t\t\t\n\t\t\t\t\n\t\t\t\t<div class=\"et_pb_text_inner\"><h3 style=\"color: white; padding-bottom: 24px;\">Downloads<\/h3>\n<p><a href=\"https:\/\/www.swisslaos.ch\/wp-content\/uploads\/SLHP_Jahresbericht_2019.pdf\" rel=\"attachment wp-att-3482\">Annual report 2019 (German)<\/a><\/p>\n<p><a href=\"https:\/\/www.swisslaos.ch\/wp-content\/uploads\/SLHP_Revisionsbericht_2019-1.pdf\" rel=\"attachment wp-att-3486\">Audit report including annual financial statements 2019 (German)<\/a><\/div>\n\t\t\t<\/div>\n\t\t\t<\/div><div class=\"et_d4_element et_pb_column_1_3 et_pb_column et_pb_column_3  et_pb_css_mix_blend_mode et_block_column\">\n\t\t\t\t\n\t\t\t\t\n\t\t\t\t\n\t\t\t\t\n\t\t\t\t<div class=\"et_pb_module et_d4_element et_pb_text et_pb_text_4  et_pb_text_align_left et_pb_bg_layout_light\">\n\t\t\t\t\n\t\t\t\t\n\t\t\t\t\n\t\t\t\t\n\t\t\t\t<div class=\"et_pb_text_inner\"><h3>New Memorandum of Understanding (MoU)<\/h3>\n<p>Thanks to Marion M\u00f6nkhoff's negotiating skills and persistence, we were able to sign a new MoU for the years 2019 to 2021 after a long back-and-forth with the Laotian health authorities. This provides the legal framework for all our activities in Laos and commits us to twelve specific projects and a total financial commitment of USD 888,000 over a period of three years.<\/div>\n\t\t\t<\/div><div class=\"et_pb_module et_d4_element et_pb_text et_pb_text_5  et_pb_text_align_left et_pb_bg_layout_light\">\n\t\t\t\t\n\t\t\t\t\n\t\t\t\t\n\t\t\t\t\n\t\t\t\t<div class=\"et_pb_text_inner\"><img loading=\"lazy\" decoding=\"async\" class=\"wp-image-3474 alignnone size-full\" src=\"https:\/\/www.swisslaos.ch\/wp-content\/uploads\/slhp_strategie-workshop_2019-01-19.jpg\" alt=\"Strategie-Workshop\" width=\"800\" height=\"600\" srcset=\"https:\/\/www.swisslaos.ch\/wp-content\/uploads\/slhp_strategie-workshop_2019-01-19.jpg 800w, https:\/\/www.swisslaos.ch\/wp-content\/uploads\/slhp_strategie-workshop_2019-01-19-480x360.jpg 480w\" sizes=\"(min-width: 0px) and (max-width: 480px) 480px, (min-width: 481px) 800px, 100vw\" \/><\/p>\n<p><em>Strategy workshop under the direction of Dr. Alphons Schnyder on 19 January 2019<\/em><\/div>\n\t\t\t<\/div><div class=\"et_pb_module et_d4_element et_pb_text et_pb_text_6  et_pb_text_align_left et_pb_bg_layout_light\">\n\t\t\t\t\n\t\t\t\t\n\t\t\t\t\n\t\t\t\t\n\t\t\t\t<div class=\"et_pb_text_inner\"><h3>Strategy for the next five years<\/h3>\n<p>Under the leadership of Dr. Alphons Schnyder, each specialist group and the Executive Board as a whole compiled a status report and set goals for the next five years. By doing so, we want to ensure that our scarce resources are used in an optimal way. The emphasis will remain on the training and continuing education of medical personnel. It is our declared aim to lead our Laotian partners into independence.<\/div>\n\t\t\t<\/div>\n\t\t\t<\/div><div class=\"et_d4_element et_pb_column_1_3 et_pb_column et_pb_column_4  et_pb_css_mix_blend_mode et-last-child et_block_column\">\n\t\t\t\t\n\t\t\t\t\n\t\t\t\t\n\t\t\t\t\n\t\t\t\t<div class=\"et_pb_module et_d4_element et_pb_text et_pb_text_7  et_pb_text_align_left et_pb_bg_layout_light\">\n\t\t\t\t\n\t\t\t\t\n\t\t\t\t\n\t\t\t\t\n\t\t\t\t<div class=\"et_pb_text_inner\"><h3 id=\"h29skblqrync6uelgf15cqhci107ljby\">Board of Directors<\/h3>\n<p><a href=\"https:\/\/www.swisslaos.ch\/en\/board-of-directors\/\">The board of the Swiss Laos Hospital Project<\/a> consists of Elisabeth Bandi-Ott (general practitioners), Hans Ulrich Bucher (President), Cornelia Gawenda (Finances), Jacques Gubler (KSW-Phonsavan), Marion M\u00f6nkhoff (Vice President; Neonatology), Claudia Reichmuth (Neonatology, Nursing), Martin Sauter (IT) and Pierre Villars (Gynaecology and Obstetrics). They corresponded primarily by e-mail and met for meetings on 22 January 2019 and 26 August 2019.<\/p>\n<h3>Members<\/h3>\n<p>Fifteen new members were admitted and three resigned. On 31 December 2019, the association has 139 members, 3 of whom are honorary members (Urs Lauper, Aline Kundig and Peter Neumann) and 16 members in formation.<\/p>\n<h3>Missions of volunteers<\/h3>\n<p>67 persons from Switzerland were deployed in Laos and worked there for a total of 1286 days (including 26 persons from the KSW with a total of 613 days). In Switzerland, at least 1486 recorded hours were spent free of charge on the SLHP.<\/div>\n\t\t\t<\/div><div class=\"et_pb_module et_d4_element et_pb_text et_pb_text_8  et_pb_text_align_left et_pb_bg_layout_light\">\n\t\t\t\t\n\t\t\t\t\n\t\t\t\t\n\t\t\t\t\n\t\t\t\t<div class=\"et_pb_text_inner\"><img loading=\"lazy\" decoding=\"async\" class=\"wp-image-3492 alignnone size-full\" src=\"https:\/\/www.swisslaos.ch\/wp-content\/uploads\/Freiwillige_in_Laos.jpg\" alt=\"Freiwillige des Swiss Laos Hospital Projects am Ende eines Einsatzes\" width=\"800\" height=\"600\" srcset=\"https:\/\/www.swisslaos.ch\/wp-content\/uploads\/Freiwillige_in_Laos.jpg 800w, https:\/\/www.swisslaos.ch\/wp-content\/uploads\/Freiwillige_in_Laos-480x360.jpg 480w\" sizes=\"(min-width: 0px) and (max-width: 480px) 480px, (min-width: 481px) 800px, 100vw\" \/><\/p>\n<p><em>Our volunteers have again been working all over Laos this year and have experienced much gratitude.<\/em><\/div>\n\t\t\t<\/div>\n\t\t\t<\/div>\n\t\t\t\t\n\t\t\t\t\n\t\t\t\t\n\t\t\t\t\n\t\t\t<\/div><div class=\"et_d4_element et_pb_row et_pb_row_3  et_pb_css_mix_blend_mode et_block_row\">\n\t\t\t\t<div class=\"et_d4_element et_pb_column_4_4 et_pb_column et_pb_column_5  et_pb_css_mix_blend_mode et-last-child et_block_column\">\n\t\t\t\t\n\t\t\t\t\n\t\t\t\t\n\t\t\t\t\n\t\t\t\t<div class=\"et_pb_module et_d4_element et_pb_text et_pb_text_9  et_pb_text_align_left et_pb_bg_layout_light\">\n\t\t\t\t\n\t\t\t\t\n\t\t\t\t\n\t\t\t\t\n\t\t\t\t<div class=\"et_pb_text_inner\"><h2>Projects<\/h2><\/div>\n\t\t\t<\/div>\n\t\t\t<\/div>\n\t\t\t\t\n\t\t\t\t\n\t\t\t\t\n\t\t\t\t\n\t\t\t<\/div><div class=\"et_d4_element et_pb_row et_pb_row_4  et_pb_css_mix_blend_mode et_block_row\">\n\t\t\t\t<div class=\"et_d4_element et_pb_column_1_3 et_pb_column et_pb_column_6  et_pb_css_mix_blend_mode et_block_column\">\n\t\t\t\t\n\t\t\t\t\n\t\t\t\t\n\t\t\t\t\n\t\t\t\t<div class=\"et_pb_module et_d4_element et_pb_text et_pb_text_10  et_pb_text_align_left et_pb_bg_layout_light\">\n\t\t\t\t\n\t\t\t\t\n\t\t\t\t\n\t\t\t\t\n\t\t\t\t<div class=\"et_pb_text_inner\"><h3>HIV Prevention<\/h3>\n<p>In the context of the <a href=\"https:\/\/www.swisslaos.ch\/en\/hiv-prevention\/\">HIV prevention project<\/a> financed by the Lottery Fund, a total of 4555 HIV tests were carried out in 2019 (previous year: 3,534), of which 4047 were carried out on pregnant women (previous year: 3,093). 18 (previous year: 18) of these tests were positive, 12 of them (previous year: 13) in pregnant women. The HIV-positive persons were referred to an HIV centre for free treatment. HIV-positive mothers with babies also received powdered milk free of charge, as they are not allowed to breastfeed in order to prevent transmission of the HIV virus from mother to child.<\/p>\n<h3>Delivery kits<\/h3>\n<p>This project, financed by the Lottery Fund, enables <a href=\"https:\/\/www.swisslaos.ch\/en\/delivery-kit\/\">safe and clean cutting of the umbilical cord<\/a>, especially for home births. In 2019, 30,000 delivery kits were produced in Laos and distributed to hospitals and health centers throughout the country.<\/p>\n<h3>Follow-up examination of former premature babies<\/h3>\n<p>In this project we accompany our premature babies (less than 35 weeks of pregnancy) up to the age of two years. We ensure that they receive all vaccinations and necessary therapies, examine their state of health, growth and development.<\/div>\n\t\t\t<\/div><div class=\"et_pb_module et_d4_element et_pb_text et_pb_text_11  et_pb_text_align_left et_pb_bg_layout_light\">\n\t\t\t\t\n\t\t\t\t\n\t\t\t\t\n\t\t\t\t\n\t\t\t\t<div class=\"et_pb_text_inner\"><img loading=\"lazy\" decoding=\"async\" class=\"wp-image-3494 alignnone size-full\" src=\"https:\/\/www.swisslaos.ch\/wp-content\/uploads\/Eroeffnung_Paediatrie_Muang_Kham_2019.jpg\" alt=\"Er\u00f6ffnungszeremonie f\u00fcr die neue P\u00e4diatrie im Spital Muang Kham\" width=\"800\" height=\"600\" srcset=\"https:\/\/www.swisslaos.ch\/wp-content\/uploads\/Eroeffnung_Paediatrie_Muang_Kham_2019.jpg 800w, https:\/\/www.swisslaos.ch\/wp-content\/uploads\/Eroeffnung_Paediatrie_Muang_Kham_2019-480x360.jpg 480w\" sizes=\"(min-width: 0px) and (max-width: 480px) 480px, (min-width: 481px) 800px, 100vw\" \/><\/p>\n<p><em>Ceremonial opening of the new pediatric building at Kham District Hospital.<\/em><\/div>\n\t\t\t<\/div><div class=\"et_pb_module et_d4_element et_pb_text et_pb_text_12  et_pb_text_align_left et_pb_bg_layout_light\">\n\t\t\t\t\n\t\t\t\t\n\t\t\t\t\n\t\t\t\t\n\t\t\t\t<div class=\"et_pb_text_inner\"><h3>Construction projects<\/h3>\n<p>With the support of the Claus Cramer Foundation and two other foundations we were able to finance the construction of a paediatric ward in Muang Kham hospital, an emergency ward in Muang Mok, a new operating theatre for caesarean sections in Luang Nam Tha and a neonatal department in Pakse\/Champassak.<\/p>\n<h3>Scholarships for further education and training<\/h3>\n<p>Our group of general practitioners awarded scholarships to three Laotian doctors and one nurse for further training of 6 months in Vientiane capital. In addition, contributions were made to English lessons and IT courses.<br \/>\nA doctor from Mother Newborn Hospital received a scholarship for a two-year training course in neonatology at Khon Kaen University in Thailand.<\/p>\n<h3>Exchange program for students<\/h3>\n<p>In 2019, a total of 21 Swiss medical students in their fifth year completed a one-month internship at the Mother and Newborn Hospital (previous year: 15).<\/div>\n\t\t\t<\/div><div class=\"et_pb_module et_d4_element et_pb_text et_pb_text_13  et_pb_text_align_left et_pb_bg_layout_light\">\n\t\t\t\t\n\t\t\t\t\n\t\t\t\t\n\t\t\t\t\n\t\t\t\t<div class=\"et_pb_text_inner\"><h3>Public Relations<\/h3>\n<p>Communication with our members and donors now takes place primarily via digital channels. This not only enables us to provide information more frequently and more quickly, but also saves printing and postage costs. In 2019, our website www.swisslaos.ch recorded a total of almost 5,800 visits, and we sent six e-mail newsletters to 350 subscribers each. We have also been continuously active in the social media (<a href=\"https:\/\/www.facebook.com\/SwissLaos\/\" target=\"_blank\" rel=\"noopener noreferrer\">Facebook<\/a>, <a href=\"https:\/\/www.instagram.com\/swisslaos\/\" target=\"_blank\" rel=\"noopener noreferrer\">Instagram<\/a>, <a href=\"https:\/\/www.linkedin.com\/company\/11161692\/\" target=\"_blank\" rel=\"noopener noreferrer\">LinkedIn<\/a>); almost 1,000 people now follow us on Facebook. In autumn 2019 we also sent a printed newsletter to 1,500 addresses (previous year 2,070). 250 copies of our traditional photo calendar 2020 were produced.<\/div>\n\t\t\t<\/div>\n\t\t\t<\/div><div class=\"et_d4_element et_pb_column_1_3 et_pb_column et_pb_column_7  et_pb_css_mix_blend_mode et_block_column\">\n\t\t\t\t\n\t\t\t\t\n\t\t\t\t\n\t\t\t\t\n\t\t\t\t<div class=\"et_pb_module et_d4_element et_pb_text et_pb_text_14  et_pb_text_align_left et_pb_bg_layout_light\">\n\t\t\t\t\n\t\t\t\t\n\t\t\t\t\n\t\t\t\t\n\t\t\t\t<div class=\"et_pb_text_inner\"><img loading=\"lazy\" decoding=\"async\" class=\"wp-image-3496 alignnone size-full\" src=\"https:\/\/www.swisslaos.ch\/wp-content\/uploads\/Neugeborenes_in_Laos.jpg\" alt=\"Neugeborenes in Laos\" width=\"800\" height=\"600\" srcset=\"https:\/\/www.swisslaos.ch\/wp-content\/uploads\/Neugeborenes_in_Laos.jpg 800w, https:\/\/www.swisslaos.ch\/wp-content\/uploads\/Neugeborenes_in_Laos-480x360.jpg 480w\" sizes=\"(min-width: 0px) and (max-width: 480px) 480px, (min-width: 481px) 800px, 100vw\" \/><\/p>\n<p><em>One of the many patients of our neonatology team.<\/em><\/div>\n\t\t\t<\/div><div class=\"et_pb_module et_d4_element et_pb_text et_pb_text_15  et_pb_text_align_left et_pb_bg_layout_light\">\n\t\t\t\t\n\t\t\t\t\n\t\t\t\t\n\t\t\t\t\n\t\t\t\t<div class=\"et_pb_text_inner\"><h3>Neonatology<\/h3>\n<p>Teams of nurses, doctors and medical technicians were deployed at the following locations: In Luang NamTha to put the new operating theatre and neonatal resuscitation room into operation and to plan the renovation of the remaining operating wing. In Sayabouli and Savannaketh to evaluate the new and renovated departments and in Xam Neua for teaching.<\/p>\n<p>Dr. Paul Hasters spent three months at the Mother and Newborn Hospital (MNH). From there he visited the intensive care unit for children and newborns at Mahosot Hospital in Vientiane and the provincial hospitals of Champassak (Pakse) and Luang Nam Tha.<\/p>\n<p>In March, we held a workshop in Vientiane for nurses and doctors from all over the country, and in parallel, for the first time, a program for medical technicians. Tim Pfaff (<a href=\"https:\/\/www.pfaffmedical.de\/\" target=\"_blank\" rel=\"noopener noreferrer\">Pfaff Medical<\/a>) was able to instruct the use of simple laboratory measuring devices for bilirubin, which were then given to the participants for distribution throughout the country.<\/p>\n<p>In November, our first workshop in pediatric neurology on seizures (Prof. em. B. Schmitt) and a second workshop on respiration (Dr. F. Ulmer) took place at the MNH in Vientiane.<\/div>\n\t\t\t<\/div><div class=\"et_pb_module et_d4_element et_pb_text et_pb_text_16  et_pb_text_align_left et_pb_bg_layout_light\">\n\t\t\t\t\n\t\t\t\t\n\t\t\t\t\n\t\t\t\t\n\t\t\t\t<div class=\"et_pb_text_inner\"><h3>Gynaecology &amp; obstetrics<\/h3>\n<p>The Mother and Newborn Hospital (MNH) recorded a total of 7073 (previous year 6076) births, of which 2257 (2144) were by caesarean section. 881 (814) newborns were hospitalized in the Neonatology Department.<\/p>\n<p>Dr. U. Kullmer spent 6 weeks in the MNH, where he introduced a weekly perinatal conference and hygiene standards in the operating room.<\/div>\n\t\t\t<\/div><div class=\"et_pb_module et_d4_element et_pb_text et_pb_text_17  et_pb_text_align_left et_pb_bg_layout_light\">\n\t\t\t\t\n\t\t\t\t\n\t\t\t\t\n\t\t\t\t\n\t\t\t\t<div class=\"et_pb_text_inner\"><h3>General practitioners<\/h3>\n<p>In January, April, July and October 2019, a team of two to three family doctors was on duty in Muang Kham and Nonghet.<\/p>\n<p>A year-round teaching focus was introduced for the first time, this year the complex of respiratory distress. It was divided into sub-areas such as symptoms, examination findings, differential diagnosis, possibilities of clarification and therapy. All our teams followed on from the teaching of the previous team; this way the topic was dealt with in depth over a whole year. This principle has been applied to the further training of local hospital staff as well as of health center staff, who were invited to either Nonghet Hospital or Muang Kham Hospital for two days and attended in large numbers.<\/p>\n<p>Given the limited therapeutic options, it is not always easy to explain the importance of interviewing, examining and diagnosing each patient. However, by always encouraging interactive learning, the training sessions were lively and instructive for all. In addition, the local doctors presented and discussed their own patients, so that diabetes and gout, for example, were also included.<\/p>\n<p>Likewise, the first patient in Xieng Khouang Province was set up for oral anticoagulation with coumarins using an INR measuring device she brought with her after her heart surgery in Vietnam.<\/div>\n\t\t\t<\/div>\n\t\t\t<\/div><div class=\"et_d4_element et_pb_column_1_3 et_pb_column et_pb_column_8  et_pb_css_mix_blend_mode et-last-child et_block_column\">\n\t\t\t\t\n\t\t\t\t\n\t\t\t\t\n\t\t\t\t\n\t\t\t\t<div class=\"et_pb_module et_d4_element et_pb_text et_pb_text_18  et_pb_text_align_left et_pb_bg_layout_light\">\n\t\t\t\t\n\t\t\t\t\n\t\t\t\t\n\t\t\t\t\n\t\t\t\t<div class=\"et_pb_text_inner\"><h3>Hospital partnership KSW-Phonsavan<\/h3>\n<p>Since 2010, the Cantonal Hospital Winterthur maintains an autonomous partnership with the Provincial Hospital in Phonsavan to exchange knowledge, skills and experience in various hospital activities (see <a href=\"http:\/\/www.ksw-laos.ch\/\" target=\"_blank\" rel=\"noopener noreferrer\">separate report<\/a>).<\/p>\n<h3>Training in hospital management<\/h3>\n<p>In close cooperation with the Laotian Ministry of Health, Dr. Alphons Schnyder again conducted <a href=\"https:\/\/www.swisslaos.ch\/en\/hospital-management\/\" target=\"_blank\" rel=\"noopener noreferrer\">leadership training courses<\/a> in selected hospitals during his third year of assignment. To date, he has trained 450 management staff in management and leadership. They have also been prepared to take on more responsibility within the framework of the planned hospital autonomy.<\/div>\n\t\t\t<\/div><div class=\"et_pb_module et_d4_element et_pb_text et_pb_text_19  et_pb_text_align_left et_pb_bg_layout_light\">\n\t\t\t\t\n\t\t\t\t\n\t\t\t\t\n\t\t\t\t\n\t\t\t\t<div class=\"et_pb_text_inner\"><img loading=\"lazy\" decoding=\"async\" class=\"wp-image-2538 alignnone size-full\" src=\"https:\/\/www.swisslaos.ch\/wp-content\/uploads\/jahresbericht_2018_03.png\" alt=\"Spital-Management-Workshop mit Alphons Schnyder\" width=\"485\" height=\"362\" srcset=\"https:\/\/www.swisslaos.ch\/wp-content\/uploads\/jahresbericht_2018_03.png 485w, https:\/\/www.swisslaos.ch\/wp-content\/uploads\/jahresbericht_2018_03-300x224.png 300w\" sizes=\"(max-width: 485px) 100vw, 485px\" \/><\/p>\n<p><em>Executive training in hospital management under the direction of Alphons Schnyder in Vientiane capital.<\/em><\/div>\n\t\t\t<\/div><div class=\"et_pb_module et_d4_element et_pb_text et_pb_text_20  et_pb_text_align_left et_pb_bg_layout_light\">\n\t\t\t\t\n\t\t\t\t\n\t\t\t\t\n\t\t\t\t\n\t\t\t\t<div class=\"et_pb_text_inner\"><h3>Equipment and material<\/h3>\n<p>In March, another shipping container arrived in Laos with <a href=\"https:\/\/www.swisslaos.ch\/en\/donations\/donations-in-kind\/\">medical material and equipment<\/a> that is no longer used in Switzerland but is still fully functional. It was unloaded by our helpers on site and the contents distributed to the various hospitals.<\/p>\n<p>Our emergency teams maintained laboratory equipment in the various hospitals. In some cases they brought reagents from Switzerland, as far as they could not be purchased in Laos.<\/p>\n<h3>Support for individual patients<\/h3>\n<p>The costs for the operation of newborns with severe, treatable malformations were covered.<\/div>\n\t\t\t<\/div>\n\t\t\t<\/div>\n\t\t\t\t\n\t\t\t\t\n\t\t\t\t\n\t\t\t\t\n\t\t\t<\/div><div class=\"et_d4_element et_pb_row et_pb_row_5  et_pb_css_mix_blend_mode et_block_row\">\n\t\t\t\t<div class=\"et_d4_element et_pb_column_4_4 et_pb_column et_pb_column_9  et_pb_css_mix_blend_mode et-last-child et_block_column\">\n\t\t\t\t\n\t\t\t\t\n\t\t\t\t\n\t\t\t\t\n\t\t\t\t<div class=\"et_pb_module et_d4_element et_pb_text et_pb_text_21  et_pb_text_align_left et_pb_bg_layout_light\">\n\t\t\t\t\n\t\t\t\t\n\t\t\t\t\n\t\t\t\t\n\t\t\t\t<div class=\"et_pb_text_inner\"><h2>Thank you<\/h2><\/div>\n\t\t\t<\/div>\n\t\t\t<\/div>\n\t\t\t\t\n\t\t\t\t\n\t\t\t\t\n\t\t\t\t\n\t\t\t<\/div><div class=\"et_d4_element et_pb_row et_pb_row_6  et_pb_css_mix_blend_mode et_block_row\">\n\t\t\t\t<div class=\"et_d4_element et_pb_column_1_3 et_pb_column et_pb_column_10  et_pb_css_mix_blend_mode et_block_column\">\n\t\t\t\t\n\t\t\t\t\n\t\t\t\t\n\t\t\t\t\n\t\t\t\t<div class=\"et_pb_module et_d4_element et_pb_text et_pb_text_22  et_pb_text_align_left et_pb_bg_layout_light\">\n\t\t\t\t\n\t\t\t\t\n\t\t\t\t\n\t\t\t\t\n\t\t\t\t<div class=\"et_pb_text_inner\">Since its foundation by Urs Lauper 20 years ago, our project has grown into a substantial organization. It is supported by the many volunteers who give their expertise and time free of charge, and by the numerous sponsors who support us with smaller and larger financial contributions.<\/p>\n<p>&nbsp;<\/div>\n\t\t\t<\/div>\n\t\t\t<\/div><div class=\"et_d4_element et_pb_column_1_3 et_pb_column et_pb_column_11  et_pb_css_mix_blend_mode et_block_column\">\n\t\t\t\t\n\t\t\t\t\n\t\t\t\t\n\t\t\t\t\n\t\t\t\t<div class=\"et_pb_module et_d4_element et_pb_text et_pb_text_23  et_pb_text_align_left et_pb_bg_layout_light\">\n\t\t\t\t\n\t\t\t\t\n\t\t\t\t\n\t\t\t\t\n\t\t\t\t<div class=\"et_pb_text_inner\">I can assure all of you that in Laos we are receiving the highest recognition from the government and the people for targeting our limited resources and making a difference.<\/p>\n<p>&nbsp;<\/div>\n\t\t\t<\/div>\n\t\t\t<\/div><div class=\"et_d4_element et_pb_column_1_3 et_pb_column et_pb_column_12  et_pb_css_mix_blend_mode et-last-child et_block_column\">\n\t\t\t\t\n\t\t\t\t\n\t\t\t\t\n\t\t\t\t\n\t\t\t\t<div class=\"et_pb_module et_d4_element et_pb_text et_pb_text_24  et_pb_text_align_left et_pb_bg_layout_light\">\n\t\t\t\t\n\t\t\t\t\n\t\t\t\t\n\t\t\t\t\n\t\t\t\t<div class=\"et_pb_text_inner\">A big thank you to everyone who supports us.<\/p>\n<p>12 Mai 2020<\/p>\n<p><img loading=\"lazy\" decoding=\"async\" class=\"wp-image-3476 alignnone size-full\" src=\"https:\/\/www.swisslaos.ch\/wp-content\/uploads\/Hans_Ulrich_Bucher.jpg\" alt=\"Hans Ulrich Bucher\" width=\"560\" height=\"77\" srcset=\"https:\/\/www.swisslaos.ch\/wp-content\/uploads\/Hans_Ulrich_Bucher.jpg 560w, https:\/\/www.swisslaos.ch\/wp-content\/uploads\/Hans_Ulrich_Bucher-480x66.jpg 480w\" sizes=\"(min-width: 0px) and (max-width: 480px) 480px, (min-width: 481px) 560px, 100vw\" \/><\/p>\n<p>Prof. em. Hans Ulrich Bucher, President<\/div>\n\t\t\t<\/div>\n\t\t\t<\/div>\n\t\t\t\t\n\t\t\t\t\n\t\t\t\t\n\t\t\t\t\n\t\t\t<\/div>\n\t\t\t\t\n\t\t\t\t\n\t\t\t<\/div><\/p>\n","protected":false},"excerpt":{"rendered":"","protected":false},"author":35,"featured_media":0,"parent":4063,"menu_order":39,"comment_status":"closed","ping_status":"closed","template":"","meta":{"_et_pb_use_builder":"on","_et_pb_old_content":"","_et_gb_content_width":"","footnotes":""},"class_list":["post-3513","page","type-page","status-publish","hentry"],"_links":{"self":[{"href":"https:\/\/www.swisslaos.ch\/en\/wp-json\/wp\/v2\/pages\/3513","targetHints":{"allow":["GET"]}}],"collection":[{"href":"https:\/\/www.swisslaos.ch\/en\/wp-json\/wp\/v2\/pages"}],"about":[{"href":"https:\/\/www.swisslaos.ch\/en\/wp-json\/wp\/v2\/types\/page"}],"author":[{"embeddable":true,"href":"https:\/\/www.swisslaos.ch\/en\/wp-json\/wp\/v2\/users\/35"}],"replies":[{"embeddable":true,"href":"https:\/\/www.swisslaos.ch\/en\/wp-json\/wp\/v2\/comments?post=3513"}],"version-history":[{"count":3,"href":"https:\/\/www.swisslaos.ch\/en\/wp-json\/wp\/v2\/pages\/3513\/revisions"}],"predecessor-version":[{"id":3519,"href":"https:\/\/www.swisslaos.ch\/en\/wp-json\/wp\/v2\/pages\/3513\/revisions\/3519"}],"up":[{"embeddable":true,"href":"https:\/\/www.swisslaos.ch\/en\/wp-json\/wp\/v2\/pages\/4063"}],"wp:attachment":[{"href":"https:\/\/www.swisslaos.ch\/en\/wp-json\/wp\/v2\/media?parent=3513"}],"curies":[{"name":"wp","href":"https:\/\/api.w.org\/{rel}","templated":true}]}}